{"id":1421,"date":"2026-01-21T08:39:31","date_gmt":"2026-01-21T08:39:31","guid":{"rendered":"https:\/\/bonuskongcasino.org\/app\/"},"modified":"2026-01-21T12:20:19","modified_gmt":"2026-01-21T12:20:19","slug":"aplikacja","status":"publish","type":"page","link":"https:\/\/bonuskongcasino.org\/pl\/aplikacja\/","title":{"rendered":"Aplikacja"},"content":{"rendered":"<h1>Aplikacja mobilna Bonuskong<\/h1>\n<p>Bonuskong app u\u0142atwia granie w ulubione gry kasynowe na telefonie lub tablecie, niezale\u017cnie od tego, gdzie jeste\u015b. Ta progresywna aplikacja internetowa umo\u017cliwia granie na telefonie lub tablecie, ale posiada wszystkie funkcje platformy desktopowej. Gracze mog\u0105 szybko uzyska\u0107 dost\u0119p do bonus\u00f3w i porusza\u0107 si\u0119 po stronie bez konieczno\u015bci pobierania du\u017cych plik\u00f3w czy zajmowania miejsca na urz\u0105dzeniach.<\/p>\n<div class=\"banner-wrap\" aria-label=\"Banner\"><img src=\"https:\/\/bonuskongcasino.org\/wp-content\/uploads\/2026\/01\/bonuskong-desktop-banner.webp\" class=\"w-100 d-none d-lg-block img-pc main-banner-img\" alt=\"bonuskong desktop banner\" fetchpriority=\"high\" decoding=\"async\"><img src=\"https:\/\/bonuskongcasino.org\/wp-content\/uploads\/2026\/01\/Bonuskong-mobile-banner.webp\" class=\"w-100 d-none d-md-block d-lg-none main-banner-img\" alt=\"Bonuskong mobile banner\" fetchpriority=\"high\" decoding=\"async\"><img src=\"https:\/\/bonuskongcasino.org\/wp-content\/uploads\/2026\/01\/Bonuskong-mobile-banner.webp\" class=\"w-100 d-md-none\" alt=\"Bonuskong mobile banner\" fetchpriority=\"high\" decoding=\"async\"><div class=\"banner-description\">\n<div class=\"banner-title\">Bonusy powitalne<\/div>\n<p class=\"banner-header-title\">1500 \u20ac<\/p>\n<div class=\"banner-header-AdditionalText\">+ 250 Darmowe spiny<\/div>\n<button data-item=\"homepage_banner_link\" class=\"goto m-button m-gradient-border m-button--primary m-button--large banner-button btn-orange\">\n            <div class=\"m-button-content\">\n                <span>Zarejestruj si\u0119 teraz<\/span>\n                <span><\/span>\n            <\/div>\n        <\/button>\n<\/div>\n<div class=\"WelcomePack\">\n<p><img loading=\"lazy\" decoding=\"async\" class=\"alignnone size-full wp-image-1386\" src=\"https:\/\/bonuskongcasino.org\/wp-content\/uploads\/2026\/01\/welcome-crown.png\" alt=\"welcome crown\" width=\"25\" height=\"26\" \/><\/p>\n<div class=\"WelcomePack-Info\">Cotygodniowy zwrot got\u00f3wki do 25%<\/div>\n<p><img loading=\"lazy\" decoding=\"async\" class=\"alignnone size-full wp-image-1386\" src=\"https:\/\/bonuskongcasino.org\/wp-content\/uploads\/2026\/01\/welcome-crown.png\" alt=\"welcome crown\" width=\"25\" height=\"26\" \/><\/p>\n<\/div>\n<\/div>\n<h2>Zalety aplikacji Bonuskong<\/h2>\n<p>Mobilna aplikacja Bonuskong ma wiele unikalnych funkcji, kt\u00f3re poprawiaj\u0105 do\u015bwiadczenie gry. Aplikacja dzia\u0142a doskonale na urz\u0105dzeniach z iOS i Android, wi\u0119c mo\u017cesz jej u\u017cywa\u0107 na dowolnej wybranej platformie.<\/p>\n<table>\n<tbody>\n<tr>\n<td>Funkcja<\/td>\n<td>Aplikacja mobilna<\/td>\n<td>Wersja na komputer<\/td>\n<\/tr>\n<tr>\n<td>Natychmiastowy dost\u0119p<\/td>\n<td>Uruchom z ikony na ekranie g\u0142\u00f3wnym<\/td>\n<td>Wymaga nawigacji w przegl\u0105darce<\/td>\n<\/tr>\n<tr>\n<td>Wymagane miejsce<\/td>\n<td>Minimalne (technologia PWA)<\/td>\n<td>Tylko pami\u0119\u0107 podr\u0119czna przegl\u0105darki<\/td>\n<\/tr>\n<tr>\n<td>Powiadomienia push<\/td>\n<td>Dost\u0119pne dla bonus\u00f3w i aktualizacji<\/td>\n<td>Ograniczone powiadomienia przegl\u0105darki<\/td>\n<\/tr>\n<tr>\n<td>Optymalizacja dotykowa<\/td>\n<td>Natywne sterowanie dotykowe<\/td>\n<td>Tylko myszka i klawiatura<\/td>\n<\/tr>\n<\/tbody>\n<\/table>\n<p>Interfejs mobilny dzia\u0142a doskonale na mniejszych ekranach bez wp\u0142ywu na jako\u015b\u0107 czy funkcjonalno\u015b\u0107 gier. Sterowanie zoptymalizowane pod k\u0105tem dotyku u\u0142atwia kr\u0119cenie b\u0119bnami automat\u00f3w online i obstawianie w por\u00f3wnaniu do u\u017cywania myszki.<\/p>\n<p>Jest to przydatna funkcja, kt\u00f3ra umo\u017cliwia graczom otrzymywanie natychmiastowych powiadomie\u0144 o nowych wydaniach gier, okazjach bonusowych i dost\u0119pnych promocjach. Poniewa\u017c jest zbudowana na lekkiej architekturze PWA, aplikacja aktualizuje si\u0119 automatycznie bez konieczno\u015bci podejmowania przez Ciebie \u017cadnych dzia\u0142a\u0144. W ten spos\u00f3b zawsze masz dost\u0119p do najnowszych funkcji i lepszego bezpiecze\u0144stwa.<\/p>\n<p><div class=\"scrollable-content-wrap my-5\"><div class=\"scrollable-content-inner\"><h2>Aplikacja Bonuskong na PC lub Mac<\/h2>\n<p>U\u017cytkownicy komputer\u00f3w PC mog\u0105 gra\u0107 w Bonus Kong w dowolnej nowoczesnej przegl\u0105darce internetowej, wi\u0119c nie musz\u0105 instalowa\u0107 \u017cadnego dodatkowego oprogramowania. Chrome, Safari, Firefox i Edge to przegl\u0105darki, kt\u00f3re najlepiej wsp\u00f3\u0142pracuj\u0105 z platform\u0105. Dzia\u0142a tak samo we wszystkich systemach operacyjnych.<\/p>\n<p>Uruchom swoj\u0105 ulubion\u0105 przegl\u0105dark\u0119 internetow\u0105 i przejd\u017a na stron\u0119 Bonuskong. Niezale\u017cnie od tego, czy u\u017cywasz laptopa, monitora stacjonarnego czy ekranu panoramicznego, responsywny projekt dostosuje si\u0119 do rozmiaru Twojego ekranu.<\/p>\n<p>Wersja desktopowa gry jest lepsza dla os\u00f3b, kt\u00f3re preferuj\u0105 wi\u0119ksze ekrany i bardziej tradycyjne sposoby sterowania. \u0141atwiej jest \u015bledzi\u0107 wiele zak\u0142ad\u00f3w lub ogl\u0105da\u0107 sto\u0142y z krupierem na \u017cywo, gdy widok jest wi\u0119kszy, poniewa\u017c pokazuje wi\u0119cej informacji o grze na raz. Ekran dotykowy nie daje wszystkich opcji sterowania, kt\u00f3re oferuj\u0105 skr\u00f3ty klawiaturowe czy precyzyjna myszka.<\/p>\n<p>Podczas d\u0142ugich sesji gier na Macu funkcje oszcz\u0119dzania energii w Safari s\u0105 pomocne, poniewa\u017c wyd\u0142u\u017caj\u0105 \u017cywotno\u015b\u0107 baterii. U\u017cytkownicy komputer\u00f3w PC z Windows mog\u0105 uzyska\u0107 p\u0142ynniejsz\u0105 grafik\u0119 w grach slotowych wymagaj\u0105cych du\u017cej mocy wizualnej dzi\u0119ki przyspieszeniu sprz\u0119towemu w Chrome.<\/p>\n<p><img loading=\"lazy\" decoding=\"async\" src=\"https:\/\/bonuskongcasino.org\/wp-content\/uploads\/2026\/01\/Bonuskong-Desktop.webp\" alt=\"Bonuskong Desktop\" width=\"1248\" height=\"536\" \/><\/p>\n<\/div><\/div><div style=\"clear: both\"><\/div><div class=\"d-flex justify-content-center\"><button data-item=\"decouvrez_link\" data-group=\"website_links\" class=\"goto fw-bold rounded-pill btn btn-orange\" aria-label=\"Pobierz aplikacj\u0119 Bonuskong\" >Pobierz aplikacj\u0119 Bonuskong<\/button><\/div><div class=\"scrollable-content-wrap my-5\"><div class=\"scrollable-content-inner\"><h2>Jak gra\u0107 w Bonus Kong na iPhone i iPadzie<\/h2>\n<p>U\u017cytkownicy iOS mog\u0105 uzyska\u0107 dost\u0119p do kasyna Bonuskong przez skr\u00f3t do strony internetowej, kt\u00f3ry dzia\u0142a jak aplikacja na ich telefonie. Ta metoda pozwala korzysta\u0107 ze wszystkich funkcji aplikacji bez konieczno\u015bci pobierania czegokolwiek z App Store czy instalacji czegokolwiek specyficznego dla iOS.<\/p>\n<h3>Krok po kroku instalacja aplikacji iOS<\/h3>\n<p>Safari ma narz\u0119dzia, kt\u00f3re u\u0142atwiaj\u0105 dodanie Bonuskong do ekranu g\u0142\u00f3wnego Twojego iPhone&#8217;a lub iPada. Zajmie Ci to mniej ni\u017c minut\u0119. Tworzy to ikon\u0119, kt\u00f3ra otwiera platform\u0119 w trybie pe\u0142noekranowym, eliminuj\u0105c paski narz\u0119dzi przegl\u0105darki dla bardziej immersyjnego do\u015bwiadczenia gry.<\/p>\n<ol>\n<li>Uruchom Safari na swoim urz\u0105dzeniu z iOS i przejd\u017a na stron\u0119 Bonuskong.<\/li>\n<li>Stuknij &#8222;Udost\u0119pnij&#8221; na \u015brodku u do\u0142u. Po klikni\u0119ciu na menu udost\u0119pniania iOS pojawi si\u0119 wiele opcji.<\/li>\n<li>Przewi\u0144 menu w d\u00f3\u0142, a\u017c znajdziesz &#8222;Dodaj do ekranu g\u0142\u00f3wnego&#8221;.<\/li>\n<li>Zmie\u0144 nazw\u0119 skr\u00f3tu i stuknij &#8222;Dodaj&#8221; w prawym g\u00f3rnym rogu. Tw\u00f3j ekran g\u0142\u00f3wny wy\u015bwietli ikon\u0119 Bonuskong wraz z innymi aplikacjami, u\u0142atwiaj\u0105c dost\u0119p do platformy jednym stukni\u0119ciem.<\/li>\n<\/ol>\n<p>Skr\u00f3t otwiera pe\u0142n\u0105 platform\u0119 gamingow\u0105 w oknie zoptymalizowanym pod iOS. Je\u015bli napotkasz jakiekolwiek problemy podczas instalacji aplikacji lub uko\u0144czenia procesu weryfikacji, skontaktuj si\u0119 z naszym zespo\u0142em wsparcia przez czat na \u017cywo lub e-mail.<\/p>\n<p><img loading=\"lazy\" decoding=\"async\" src=\"https:\/\/bonuskongcasino.org\/wp-content\/uploads\/2026\/01\/Bonuskong-iOS.webp\" alt=\"Bonuskong iOS\" width=\"1248\" height=\"536\" \/><\/p>\n<\/div><\/div><div style=\"clear: both\"><\/div><div class=\"d-flex justify-content-center\"><button data-item=\"decouvrez_link\" data-group=\"website_links\" class=\"goto fw-bold rounded-pill btn btn-orange\" aria-label=\"Pobierz Bonuskong\" >Pobierz Bonuskong<\/button><\/div><div class=\"scrollable-content-wrap my-5\"><div class=\"scrollable-content-inner\"><h2>Pobieranie i korzystanie z aplikacji na Androida<\/h2>\n<p>U\u017cytkownicy Androida mog\u0105 u\u017cy\u0107 Chrome, aby utworzy\u0107 skr\u00f3t do Bonuskong na swoim ekranie g\u0142\u00f3wnym. Ta metoda progresywnej aplikacji internetowej eliminuje zewn\u0119trzne sklepy z aplikacjami, zachowuj\u0105c jednocze\u015bnie wszystkie funkcje.<\/p>\n<ol>\n<li>Otw\u00f3rz przegl\u0105dark\u0119 Chrome i przejd\u017a na stron\u0119 Bonuskong.<\/li>\n<li>W prawym g\u00f3rnym rogu przegl\u0105darki stuknij ikon\u0119 menu &#8222;Wi\u0119cej&#8221;, kt\u00f3ra wygl\u0105da jak trzy pionowe kropki.<\/li>\n<li>Wybierz &#8222;Dodaj do ekranu g\u0142\u00f3wnego&#8221;. Chrome zaproponuje nazw\u0119 skr\u00f3tu, kt\u00f3r\u0105 mo\u017cesz zmieni\u0107 przed potwierdzeniem.<\/li>\n<li>Aby zako\u0144czy\u0107, stuknij &#8222;Dodaj&#8221;. Ikona Bonuskong pojawi si\u0119 na ekranie g\u0142\u00f3wnym lub w szufladzie aplikacji.<\/li>\n<\/ol>\n<p><img loading=\"lazy\" decoding=\"async\" src=\"https:\/\/bonuskongcasino.org\/wp-content\/uploads\/2026\/01\/Bonuskong-Android.webp\" alt=\"Bonuskong Android\" width=\"1248\" height=\"536\" \/><\/p>\n<\/div><\/div><div style=\"clear: both\"><\/div><div class=\"d-flex justify-content-center\"><button data-item=\"decouvrez_link\" data-group=\"website_links\" class=\"goto fw-bold rounded-pill btn btn-orange\" aria-label=\"Pobierz aplikacj\u0119 Bonuskong\" >Pobierz aplikacj\u0119 Bonuskong<\/button><\/div><div class=\"scrollable-content-wrap my-5\"><div class=\"scrollable-content-inner\"><h2>FAQ<\/h2>\n<h3>Czy aplikacja Bonuskong wymaga du\u017cego pobrania?<\/h3>\n<p>Nie, Bonuskong nie potrzebuje du\u017co miejsca, poniewa\u017c korzysta z technologii progresywnej aplikacji internetowej. Mo\u017cesz zainstalowa\u0107 aplikacj\u0119 przez swoj\u0105 przegl\u0105dark\u0119 jako skr\u00f3t na ekranie g\u0142\u00f3wnym. Zwykle zajmuje mniej ni\u017c 5 MB miejsca na Twoim urz\u0105dzeniu. Nie b\u0119dziesz musia\u0142 rezygnowa\u0107 z miejsca na zdj\u0119cia, filmy czy inne aplikacje.<\/p>\n<h3>Czy mog\u0119 uzyska\u0107 dost\u0119p do wszystkich gier przez aplikacj\u0119 mobiln\u0105?<\/h3>\n<p>Tak, kasyno mobilne zapewnia dost\u0119p do pe\u0142nej biblioteki gier Bonuskong. Wszystkie automaty, gry sto\u0142owe i opcje z krupierem na \u017cywo dost\u0119pne na komputerze dzia\u0142aj\u0105 tak\u017ce na urz\u0105dzeniach mobilnych. Interfejs dostosowuje sterowanie gr\u0105 do interakcji dotykowej bez usuwania funkcji ani ograniczania wyboru.<\/p>\n<h3>Czy aplikacja szybko wyczerpie bateri\u0119 mojego telefonu?<\/h3>\n<p>Funkcje optymalizacji baterii w Bonuskong zmniejszaj\u0105 zu\u017cycie energii podczas gry. Standardowa gra na automatach zu\u017cywa tyle samo baterii co przesy\u0142anie strumieniowe wideo. Podczas d\u0142ugich sesji gry zmniejszenie jasno\u015bci ekranu i zamkni\u0119cie aplikacji dzia\u0142aj\u0105cych w tle wyd\u0142u\u017ca \u017cywotno\u015b\u0107 baterii.<\/p>\n<\/div><\/div><\/p>\n","protected":false},"excerpt":{"rendered":"<p>Aplikacja mobilna Bonuskong Bonuskong app u\u0142atwia granie w ulubione gry kasynowe na telefonie lub tablecie, niezale\u017cnie od tego, gdzie jeste\u015b. Ta progresywna aplikacja internetowa umo\u017cliwia granie na telefonie lub tablecie, ale posiada wszystkie funkcje platformy desktopowej. Gracze mog\u0105 szybko uzyska\u0107 dost\u0119p do bonus\u00f3w i porusza\u0107 si\u0119 po stronie bez konieczno\u015bci pobierania du\u017cych plik\u00f3w czy zajmowania [&hellip;]<\/p>\n","protected":false},"author":1,"featured_media":0,"parent":0,"menu_order":0,"comment_status":"closed","ping_status":"closed","template":"template-builder.php","meta":{"_acf_changed":false,"inline_featured_image":false,"footnotes":""},"class_list":["post-1421","page","type-page","status-publish","hentry"],"acf":[],"yoast_head":"<!-- This site is optimized with the Yoast SEO plugin v27.3 - https:\/\/yoast.com\/product\/yoast-seo-wordpress\/ -->\n<title>Bonuskong Casino App na iOS i Androida<\/title>\n<meta name=\"description\" content=\"Ciesz si\u0119 mobilnym kasynem na dowolnym urz\u0105dzeniu dzi\u0119ki oficjalnej Bonus Kong app. Graj w sloty, gry sto\u0142owe i z krupierem na \u017cywo o ka\u017cdej porze i w dowolnym miejscu, korzystaj\u0105c z szybkiej obs\u0142ugi klienta i zaufanych p\u0142atno\u015bci w podr\u00f3\u017cy.\" \/>\n<meta name=\"robots\" content=\"index, follow, max-snippet:-1, max-image-preview:large, max-video-preview:-1\" \/>\n<link rel=\"canonical\" href=\"https:\/\/bonuskongcasino.org\/pl\/aplikacja\/\" \/>\n<meta property=\"og:locale\" content=\"pl_PL\" \/>\n<meta property=\"og:type\" content=\"article\" \/>\n<meta property=\"og:title\" content=\"Bonuskong Casino App na iOS i Androida\" \/>\n<meta property=\"og:description\" content=\"Ciesz si\u0119 mobilnym kasynem na dowolnym urz\u0105dzeniu dzi\u0119ki oficjalnej Bonus Kong app. Graj w sloty, gry sto\u0142owe i z krupierem na \u017cywo o ka\u017cdej porze i w dowolnym miejscu, korzystaj\u0105c z szybkiej obs\u0142ugi klienta i zaufanych p\u0142atno\u015bci w podr\u00f3\u017cy.\" \/>\n<meta property=\"og:url\" content=\"https:\/\/bonuskongcasino.org\/pl\/aplikacja\/\" \/>\n<meta property=\"og:site_name\" content=\"bonuskong\" \/>\n<meta property=\"article:modified_time\" content=\"2026-01-21T12:20:19+00:00\" \/>\n<meta name=\"twitter:card\" content=\"summary_large_image\" \/>\n<meta name=\"twitter:label1\" content=\"Est. reading time\" \/>\n\t<meta name=\"twitter:data1\" content=\"1 minuta\" \/>\n<script type=\"application\/ld+json\" class=\"yoast-schema-graph\">{\"@context\":\"https:\\\/\\\/schema.org\",\"@graph\":[{\"@type\":\"WebPage\",\"@id\":\"https:\\\/\\\/bonuskongcasino.org\\\/pl\\\/aplikacja\\\/\",\"url\":\"https:\\\/\\\/bonuskongcasino.org\\\/pl\\\/aplikacja\\\/\",\"name\":\"Bonuskong Casino App na iOS i Androida\",\"isPartOf\":{\"@id\":\"https:\\\/\\\/bonuskongcasino.org\\\/pl\\\/#website\"},\"datePublished\":\"2026-01-21T08:39:31+00:00\",\"dateModified\":\"2026-01-21T12:20:19+00:00\",\"description\":\"Ciesz si\u0119 mobilnym kasynem na dowolnym urz\u0105dzeniu dzi\u0119ki oficjalnej Bonus Kong app. Graj w sloty, gry sto\u0142owe i z krupierem na \u017cywo o ka\u017cdej porze i w dowolnym miejscu, korzystaj\u0105c z szybkiej obs\u0142ugi klienta i zaufanych p\u0142atno\u015bci w podr\u00f3\u017cy.\",\"breadcrumb\":{\"@id\":\"https:\\\/\\\/bonuskongcasino.org\\\/pl\\\/aplikacja\\\/#breadcrumb\"},\"inLanguage\":\"pl-PL\",\"potentialAction\":[{\"@type\":\"ReadAction\",\"target\":[\"https:\\\/\\\/bonuskongcasino.org\\\/pl\\\/aplikacja\\\/\"]}]},{\"@type\":\"BreadcrumbList\",\"@id\":\"https:\\\/\\\/bonuskongcasino.org\\\/pl\\\/aplikacja\\\/#breadcrumb\",\"itemListElement\":[{\"@type\":\"ListItem\",\"position\":1,\"name\":\"Bonuskong\",\"item\":\"https:\\\/\\\/bonuskongcasino.org\\\/pl\\\/\"},{\"@type\":\"ListItem\",\"position\":2,\"name\":\"Aplikacja\"}]},{\"@type\":\"WebSite\",\"@id\":\"https:\\\/\\\/bonuskongcasino.org\\\/pl\\\/#website\",\"url\":\"https:\\\/\\\/bonuskongcasino.org\\\/pl\\\/\",\"name\":\"Bonuskong\",\"description\":\"\",\"publisher\":{\"@id\":\"https:\\\/\\\/bonuskongcasino.org\\\/pl\\\/#organization\"},\"potentialAction\":[{\"@type\":\"SearchAction\",\"target\":{\"@type\":\"EntryPoint\",\"urlTemplate\":\"https:\\\/\\\/bonuskongcasino.org\\\/pl\\\/?s={search_term_string}\"},\"query-input\":{\"@type\":\"PropertyValueSpecification\",\"valueRequired\":true,\"valueName\":\"search_term_string\"}}],\"inLanguage\":\"pl-PL\"},{\"@type\":\"Organization\",\"@id\":\"https:\\\/\\\/bonuskongcasino.org\\\/pl\\\/#organization\",\"name\":\"Bonuskong\",\"url\":\"https:\\\/\\\/bonuskongcasino.org\\\/pl\\\/\",\"logo\":{\"@type\":\"ImageObject\",\"inLanguage\":\"pl-PL\",\"@id\":\"https:\\\/\\\/bonuskongcasino.org\\\/pl\\\/#\\\/schema\\\/logo\\\/image\\\/\",\"url\":\"https:\\\/\\\/bonuskongcasino.org\\\/wp-content\\\/uploads\\\/2026\\\/01\\\/Bonuskong-logo.png\",\"contentUrl\":\"https:\\\/\\\/bonuskongcasino.org\\\/wp-content\\\/uploads\\\/2026\\\/01\\\/Bonuskong-logo.png\",\"width\":60,\"height\":24,\"caption\":\"Bonuskong\"},\"image\":{\"@id\":\"https:\\\/\\\/bonuskongcasino.org\\\/pl\\\/#\\\/schema\\\/logo\\\/image\\\/\"}}]}<\/script>\n<!-- \/ Yoast SEO plugin. -->","yoast_head_json":{"title":"Bonuskong Casino App na iOS i Androida","description":"Ciesz si\u0119 mobilnym kasynem na dowolnym urz\u0105dzeniu dzi\u0119ki oficjalnej Bonus Kong app. Graj w sloty, gry sto\u0142owe i z krupierem na \u017cywo o ka\u017cdej porze i w dowolnym miejscu, korzystaj\u0105c z szybkiej obs\u0142ugi klienta i zaufanych p\u0142atno\u015bci w podr\u00f3\u017cy.","robots":{"index":"index","follow":"follow","max-snippet":"max-snippet:-1","max-image-preview":"max-image-preview:large","max-video-preview":"max-video-preview:-1"},"canonical":"https:\/\/bonuskongcasino.org\/pl\/aplikacja\/","og_locale":"pl_PL","og_type":"article","og_title":"Bonuskong Casino App na iOS i Androida","og_description":"Ciesz si\u0119 mobilnym kasynem na dowolnym urz\u0105dzeniu dzi\u0119ki oficjalnej Bonus Kong app. Graj w sloty, gry sto\u0142owe i z krupierem na \u017cywo o ka\u017cdej porze i w dowolnym miejscu, korzystaj\u0105c z szybkiej obs\u0142ugi klienta i zaufanych p\u0142atno\u015bci w podr\u00f3\u017cy.","og_url":"https:\/\/bonuskongcasino.org\/pl\/aplikacja\/","og_site_name":"bonuskong","article_modified_time":"2026-01-21T12:20:19+00:00","twitter_card":"summary_large_image","twitter_misc":{"Est. reading time":"1 minuta"},"schema":{"@context":"https:\/\/schema.org","@graph":[{"@type":"WebPage","@id":"https:\/\/bonuskongcasino.org\/pl\/aplikacja\/","url":"https:\/\/bonuskongcasino.org\/pl\/aplikacja\/","name":"Bonuskong Casino App na iOS i Androida","isPartOf":{"@id":"https:\/\/bonuskongcasino.org\/pl\/#website"},"datePublished":"2026-01-21T08:39:31+00:00","dateModified":"2026-01-21T12:20:19+00:00","description":"Ciesz si\u0119 mobilnym kasynem na dowolnym urz\u0105dzeniu dzi\u0119ki oficjalnej Bonus Kong app. Graj w sloty, gry sto\u0142owe i z krupierem na \u017cywo o ka\u017cdej porze i w dowolnym miejscu, korzystaj\u0105c z szybkiej obs\u0142ugi klienta i zaufanych p\u0142atno\u015bci w podr\u00f3\u017cy.","breadcrumb":{"@id":"https:\/\/bonuskongcasino.org\/pl\/aplikacja\/#breadcrumb"},"inLanguage":"pl-PL","potentialAction":[{"@type":"ReadAction","target":["https:\/\/bonuskongcasino.org\/pl\/aplikacja\/"]}]},{"@type":"BreadcrumbList","@id":"https:\/\/bonuskongcasino.org\/pl\/aplikacja\/#breadcrumb","itemListElement":[{"@type":"ListItem","position":1,"name":"Bonuskong","item":"https:\/\/bonuskongcasino.org\/pl\/"},{"@type":"ListItem","position":2,"name":"Aplikacja"}]},{"@type":"WebSite","@id":"https:\/\/bonuskongcasino.org\/pl\/#website","url":"https:\/\/bonuskongcasino.org\/pl\/","name":"Bonuskong","description":"","publisher":{"@id":"https:\/\/bonuskongcasino.org\/pl\/#organization"},"potentialAction":[{"@type":"SearchAction","target":{"@type":"EntryPoint","urlTemplate":"https:\/\/bonuskongcasino.org\/pl\/?s={search_term_string}"},"query-input":{"@type":"PropertyValueSpecification","valueRequired":true,"valueName":"search_term_string"}}],"inLanguage":"pl-PL"},{"@type":"Organization","@id":"https:\/\/bonuskongcasino.org\/pl\/#organization","name":"Bonuskong","url":"https:\/\/bonuskongcasino.org\/pl\/","logo":{"@type":"ImageObject","inLanguage":"pl-PL","@id":"https:\/\/bonuskongcasino.org\/pl\/#\/schema\/logo\/image\/","url":"https:\/\/bonuskongcasino.org\/wp-content\/uploads\/2026\/01\/Bonuskong-logo.png","contentUrl":"https:\/\/bonuskongcasino.org\/wp-content\/uploads\/2026\/01\/Bonuskong-logo.png","width":60,"height":24,"caption":"Bonuskong"},"image":{"@id":"https:\/\/bonuskongcasino.org\/pl\/#\/schema\/logo\/image\/"}}]}},"_links":{"self":[{"href":"https:\/\/bonuskongcasino.org\/pl\/wp-json\/wp\/v2\/pages\/1421","targetHints":{"allow":["GET"]}}],"collection":[{"href":"https:\/\/bonuskongcasino.org\/pl\/wp-json\/wp\/v2\/pages"}],"about":[{"href":"https:\/\/bonuskongcasino.org\/pl\/wp-json\/wp\/v2\/types\/page"}],"author":[{"embeddable":true,"href":"https:\/\/bonuskongcasino.org\/pl\/wp-json\/wp\/v2\/users\/1"}],"replies":[{"embeddable":true,"href":"https:\/\/bonuskongcasino.org\/pl\/wp-json\/wp\/v2\/comments?post=1421"}],"version-history":[{"count":2,"href":"https:\/\/bonuskongcasino.org\/pl\/wp-json\/wp\/v2\/pages\/1421\/revisions"}],"predecessor-version":[{"id":1765,"href":"https:\/\/bonuskongcasino.org\/pl\/wp-json\/wp\/v2\/pages\/1421\/revisions\/1765"}],"wp:attachment":[{"href":"https:\/\/bonuskongcasino.org\/pl\/wp-json\/wp\/v2\/media?parent=1421"}],"curies":[{"name":"wp","href":"https:\/\/api.w.org\/{rel}","templated":true}]}}