{"id":1419,"date":"2026-01-21T08:39:31","date_gmt":"2026-01-21T08:39:31","guid":{"rendered":"https:\/\/bonuskongcasino.org\/app\/"},"modified":"2026-01-21T11:57:39","modified_gmt":"2026-01-21T11:57:39","slug":"applicazione","status":"publish","type":"page","link":"https:\/\/bonuskongcasino.org\/it\/applicazione\/","title":{"rendered":"Applicazione"},"content":{"rendered":"<h1>App Mobile di Bonuskong<\/h1>\n<p>Bonuskong app rende facile giocare ai tuoi giochi di casino preferiti sul tuo telefono o tablet, ovunque tu sia. Questa applicazione web progressiva ti permette di giocare sul tuo telefono o tablet, ma ha tutte le funzionalit\u00e0 di una piattaforma desktop. I giocatori possono accedere rapidamente ai bonus e spostarsi sul sito senza dover scaricare file pesanti o occupare spazio sui loro dispositivi.<\/p>\n<div class=\"banner-wrap\" aria-label=\"Banner\"><img src=\"https:\/\/bonuskongcasino.org\/wp-content\/uploads\/2026\/01\/bonuskong-desktop-banner.webp\" class=\"w-100 d-none d-lg-block img-pc main-banner-img\" alt=\"bonuskong desktop banner\" fetchpriority=\"high\" decoding=\"async\"><img src=\"https:\/\/bonuskongcasino.org\/wp-content\/uploads\/2026\/01\/Bonuskong-mobile-banner.webp\" class=\"w-100 d-none d-md-block d-lg-none main-banner-img\" alt=\"Bonuskong mobile banner\" fetchpriority=\"high\" decoding=\"async\"><img src=\"https:\/\/bonuskongcasino.org\/wp-content\/uploads\/2026\/01\/Bonuskong-mobile-banner.webp\" class=\"w-100 d-md-none\" alt=\"Bonuskong mobile banner\" fetchpriority=\"high\" decoding=\"async\"><div class=\"banner-description\">\n<div class=\"banner-title\">Bonus di benvenuto<\/div>\n<p class=\"banner-header-title\">1500 \u20ac<\/p>\n<div class=\"banner-header-AdditionalText\">+ 250 Giri gratuiti<\/div>\n<button data-item=\"homepage_banner_link\" class=\"goto m-button m-gradient-border m-button--primary m-button--large banner-button btn-orange\">\n            <div class=\"m-button-content\">\n                <span>Iscriviti ora<\/span>\n                <span><\/span>\n            <\/div>\n        <\/button>\n<\/div>\n<div class=\"WelcomePack\">\n<p><img loading=\"lazy\" decoding=\"async\" class=\"alignnone size-full wp-image-1386\" src=\"https:\/\/bonuskongcasino.org\/wp-content\/uploads\/2026\/01\/welcome-crown.png\" alt=\"welcome crown\" width=\"25\" height=\"26\" \/><\/p>\n<div class=\"WelcomePack-Info\">Cashback settimanale fino al 25%<\/div>\n<p><img loading=\"lazy\" decoding=\"async\" class=\"alignnone size-full wp-image-1386\" src=\"https:\/\/bonuskongcasino.org\/wp-content\/uploads\/2026\/01\/welcome-crown.png\" alt=\"welcome crown\" width=\"25\" height=\"26\" \/><\/p>\n<\/div>\n<\/div>\n<h2>Vantaggi dell&#8217;App Bonuskong<\/h2>\n<p>L&#8217;app mobile di Bonuskong ha molte funzionalit\u00e0 uniche che migliorano l&#8217;esperienza di gioco. L&#8217;app funziona perfettamente sia su dispositivi iOS che Android, quindi puoi usarla su qualsiasi piattaforma desideri.<\/p>\n<table>\n<tbody>\n<tr>\n<td>Funzionalit\u00e0<\/td>\n<td>App Mobile<\/td>\n<td>Versione Desktop<\/td>\n<\/tr>\n<tr>\n<td>Accesso Istantaneo<\/td>\n<td>Avvio dall&#8217;icona schermata home<\/td>\n<td>Richiede navigazione browser<\/td>\n<\/tr>\n<tr>\n<td>Spazio Richiesto<\/td>\n<td>Minimo (tecnologia PWA)<\/td>\n<td>Solo cache del browser<\/td>\n<\/tr>\n<tr>\n<td>Notifiche Push<\/td>\n<td>Disponibili per bonus e aggiornamenti<\/td>\n<td>Notifiche browser limitate<\/td>\n<\/tr>\n<tr>\n<td>Ottimizzazione Touch<\/td>\n<td>Controlli touch nativi<\/td>\n<td>Solo mouse e tastiera<\/td>\n<\/tr>\n<\/tbody>\n<\/table>\n<p>L&#8217;interfaccia mobile funziona perfettamente su schermi pi\u00f9 piccoli senza influenzare la qualit\u00e0 o la funzionalit\u00e0 dei giochi. I controlli ottimizzati per il tocco rendono pi\u00f9 facile girare le slot online e piazzare scommesse rispetto all&#8217;uso di un mouse.<\/p>\n<p>Questa \u00e8 una funzionalit\u00e0 utile che permette ai giocatori di ricevere notifiche istantanee su nuove uscite di giochi, opportunit\u00e0 di bonus e promozioni disponibili. Poich\u00e9 \u00e8 costruita su un&#8217;architettura PWA leggera, l&#8217;applicazione si aggiorner\u00e0 automaticamente senza richiedere alcuna azione da parte tua. In questo modo, puoi sempre ottenere le funzionalit\u00e0 pi\u00f9 recenti e una sicurezza migliore.<\/p>\n<p><div class=\"scrollable-content-wrap my-5\"><div class=\"scrollable-content-inner\"><h2>Applicazione Bonuskong per PC o Mac<\/h2>\n<p>Gli utenti PC possono giocare a Bonus Kong in qualsiasi browser web moderno, quindi non hanno bisogno di installare software aggiuntivo. Chrome, Safari, Firefox e Edge sono i browser che funzionano meglio con la piattaforma. Funziona allo stesso modo su tutti i sistemi operativi.<\/p>\n<p>Avvia il tuo browser web preferito e vai sul sito web di Bonuskong. Indipendentemente dal fatto che tu stia usando un laptop, un monitor desktop o uno schermo panoramico, il design responsivo si adatter\u00e0 alle dimensioni del tuo schermo.<\/p>\n<p>La versione desktop del gioco \u00e8 migliore per le persone che preferiscono schermi pi\u00f9 grandi e modi pi\u00f9 tradizionali per controllare il gioco. \u00c8 pi\u00f9 facile tenere traccia di scommesse multiple o guardare i tavoli con croupier dal vivo quando la vista \u00e8 pi\u00f9 grande perch\u00e9 mostra pi\u00f9 informazioni di gioco contemporaneamente. Uno schermo touch non ti d\u00e0 tutte le opzioni di controllo che offrono una scorciatoia da tastiera o un mouse di precisione.<\/p>\n<p>Quando giochi per lunghi periodi su un Mac, le funzionalit\u00e0 di risparmio energetico di Safari sono utili perch\u00e9 prolungano la durata della batteria. Gli utenti PC Windows possono ottenere grafiche pi\u00f9 fluide nei giochi slot che richiedono molta potenza visiva con l&#8217;accelerazione hardware di Chrome.<\/p>\n<p><img loading=\"lazy\" decoding=\"async\" src=\"https:\/\/bonuskongcasino.org\/wp-content\/uploads\/2026\/01\/Bonuskong-Desktop.webp\" alt=\"Bonuskong Desktop\" width=\"1248\" height=\"536\" \/><\/p>\n<\/div><\/div><div style=\"clear: both\"><\/div><div class=\"d-flex justify-content-center\"><button data-item=\"decouvrez_link\" data-group=\"website_links\" class=\"goto fw-bold rounded-pill btn btn-orange\" aria-label=\"Scarica l&#039;app Bonuskong\" >Scarica l&#039;app Bonuskong<\/button><\/div><div class=\"scrollable-content-wrap my-5\"><div class=\"scrollable-content-inner\"><h2>Come Giocare a Bonus Kong su iPhone e iPad<\/h2>\n<p>Gli utenti iOS possono accedere al casino Bonuskong tramite una scorciatoia sul sito web che funziona come un&#8217;app sul loro telefono. Questo metodo ti permette di usare tutte le funzionalit\u00e0 dell&#8217;app senza dover scaricare nulla dall&#8217;App Store o installare nulla specifico per iOS.<\/p>\n<h3>Installazione Passo-Passo dell&#8217;App iOS<\/h3>\n<p>Safari ha strumenti che rendono facile aggiungere Bonuskong alla schermata principale del tuo iPhone o iPad. Ci impiegherai meno di un minuto. Questo crea un&#8217;icona che apre la piattaforma in modalit\u00e0 a schermo intero, eliminando le barre degli strumenti del browser per un&#8217;esperienza di gioco pi\u00f9 immersiva.<\/p>\n<ol>\n<li>Avvia Safari sul tuo dispositivo iOS e vai sul sito di Bonuskong.<\/li>\n<li>Tocca &#8220;Condividi&#8221; al centro in basso. Dopo aver cliccato sul menu di condivisione iOS, appariranno molte opzioni.<\/li>\n<li>Scorri verso il basso il menu fino a trovare &#8220;Aggiungi alla schermata Home&#8221;.<\/li>\n<li>Cambia il nome della scorciatoia e tocca &#8220;Aggiungi&#8221; in alto a destra. La tua schermata Home mostrer\u00e0 l&#8217;icona di Bonuskong insieme alle altre tue app, rendendo facile accedere alla piattaforma con un tocco.<\/li>\n<\/ol>\n<p>La scorciatoia apre l&#8217;intera piattaforma di gioco in una finestra ottimizzata per iOS. Se riscontri problemi durante l&#8217;installazione dell&#8217;app o il completamento del processo di verifica, non esitare a contattare il nostro team di supporto tramite live chat o email.<\/p>\n<p><img loading=\"lazy\" decoding=\"async\" src=\"https:\/\/bonuskongcasino.org\/wp-content\/uploads\/2026\/01\/Bonuskong-iOS.webp\" alt=\"Bonuskong iOS\" width=\"1248\" height=\"536\" \/><\/p>\n<\/div><\/div><div style=\"clear: both\"><\/div><div class=\"d-flex justify-content-center\"><button data-item=\"decouvrez_link\" data-group=\"website_links\" class=\"goto fw-bold rounded-pill btn btn-orange\" aria-label=\"Scarica Bonuskong\" >Scarica Bonuskong<\/button><\/div><div class=\"scrollable-content-wrap my-5\"><div class=\"scrollable-content-inner\"><h2>Scaricare e Usare l&#8217;App su Android<\/h2>\n<p>Gli utenti Android possono usare Chrome per creare una scorciatoia a Bonuskong sulla loro schermata principale. Questo metodo di applicazione web progressiva elimina i negozi di app di terze parti mantenendo tutte le funzionalit\u00e0.<\/p>\n<ol>\n<li>Apri il browser Chrome e vai sul sito web di Bonuskong.<\/li>\n<li>Nell&#8217;angolo in alto a destra del browser, tocca l&#8217;icona del menu &#8220;Altro&#8221;, che sembra tre puntini verticali.<\/li>\n<li>Scegli &#8220;Aggiungi alla schermata Home&#8221;. Chrome ti dar\u00e0 un nome per la scorciatoia, che puoi cambiare come preferisci prima di confermare.<\/li>\n<li>Per finire, tocca &#8220;Aggiungi&#8221;. L&#8217;icona di Bonuskong apparir\u00e0 sulla tua schermata principale o nel tuo drawer delle app.<\/li>\n<\/ol>\n<p><img loading=\"lazy\" decoding=\"async\" src=\"https:\/\/bonuskongcasino.org\/wp-content\/uploads\/2026\/01\/Bonuskong-Android.webp\" alt=\"Bonuskong Android\" width=\"1248\" height=\"536\" \/><\/p>\n<\/div><\/div><div style=\"clear: both\"><\/div><div class=\"d-flex justify-content-center\"><button data-item=\"decouvrez_link\" data-group=\"website_links\" class=\"goto fw-bold rounded-pill btn btn-orange\" aria-label=\"Scarica l&#039;app Bonuskong\" >Scarica l&#039;app Bonuskong<\/button><\/div><div class=\"scrollable-content-wrap my-5\"><div class=\"scrollable-content-inner\"><h2>FAQ<\/h2>\n<h3>L&#8217;app di Bonuskong richiede un download pesante?<\/h3>\n<p>No, Bonuskong non ha bisogno di molto spazio perch\u00e9 utilizza la tecnologia di applicazione web progressiva. Puoi installare l&#8217;app tramite il tuo browser come una scorciatoia sulla schermata principale. Di solito occupa meno di 5MB di spazio sul tuo dispositivo. Non dovrai rinunciare a spazio per foto, video o altre app.<\/p>\n<h3>Posso accedere a tutti i giochi tramite l&#8217;app mobile?<\/h3>\n<p>S\u00ec, il casino mobile fornisce accesso all&#8217;intera libreria di giochi di Bonuskong. Tutte le slot, i giochi da tavolo e le opzioni con croupier dal vivo disponibili su desktop funzionano anche su dispositivi mobili. L&#8217;interfaccia adatta i controlli di gioco per l&#8217;interazione touchscreen senza rimuovere funzionalit\u00e0 o limitare la selezione.<\/p>\n<h3>L&#8217;app consumer\u00e0 rapidamente la batteria del mio telefono?<\/h3>\n<p>Le funzionalit\u00e0 di ottimizzazione della batteria di Bonuskong riducono l&#8217;uso di energia durante il gioco. Il gioco standard delle slot consuma tanta batteria quanto lo streaming di video. Durante lunghe sessioni di gioco, ridurre la luminosit\u00e0 dello schermo e chiudere le app in background prolunga la durata della batteria.<\/p>\n<\/div><\/div><\/p>\n","protected":false},"excerpt":{"rendered":"<p>App Mobile di Bonuskong Bonuskong app rende facile giocare ai tuoi giochi di casino preferiti sul tuo telefono o tablet, ovunque tu sia. Questa applicazione web progressiva ti permette di giocare sul tuo telefono o tablet, ma ha tutte le funzionalit\u00e0 di una piattaforma desktop. I giocatori possono accedere rapidamente ai bonus e spostarsi sul [&hellip;]<\/p>\n","protected":false},"author":1,"featured_media":0,"parent":0,"menu_order":0,"comment_status":"closed","ping_status":"closed","template":"template-builder.php","meta":{"_acf_changed":false,"inline_featured_image":false,"footnotes":""},"class_list":["post-1419","page","type-page","status-publish","hentry"],"acf":[],"yoast_head":"<!-- This site is optimized with the Yoast SEO plugin v27.3 - https:\/\/yoast.com\/product\/yoast-seo-wordpress\/ -->\n<title>Bonuskong Casino App per iOS e Android<\/title>\n<meta name=\"description\" content=\"Vivi l&#039;esperienza del casin\u00f2 mobile su qualsiasi dispositivo con ufficiale Bonus Kong app. Gioca alle slot, ai giochi da tavolo e con i croupier dal vivo sempre e ovunque, con un supporto rapido e pagamenti affidabili in mobilit\u00e0.\" \/>\n<meta name=\"robots\" content=\"index, follow, max-snippet:-1, max-image-preview:large, max-video-preview:-1\" \/>\n<link rel=\"canonical\" href=\"https:\/\/bonuskongcasino.org\/it\/applicazione\/\" \/>\n<meta property=\"og:locale\" content=\"it_IT\" \/>\n<meta property=\"og:type\" content=\"article\" \/>\n<meta property=\"og:title\" content=\"Bonuskong Casino App per iOS e Android\" \/>\n<meta property=\"og:description\" content=\"Vivi l&#039;esperienza del casin\u00f2 mobile su qualsiasi dispositivo con ufficiale Bonus Kong app. Gioca alle slot, ai giochi da tavolo e con i croupier dal vivo sempre e ovunque, con un supporto rapido e pagamenti affidabili in mobilit\u00e0.\" \/>\n<meta property=\"og:url\" content=\"https:\/\/bonuskongcasino.org\/it\/applicazione\/\" \/>\n<meta property=\"og:site_name\" content=\"bonuskong\" \/>\n<meta property=\"article:modified_time\" content=\"2026-01-21T11:57:39+00:00\" \/>\n<meta name=\"twitter:card\" content=\"summary_large_image\" \/>\n<meta name=\"twitter:label1\" content=\"Est. reading time\" \/>\n\t<meta name=\"twitter:data1\" content=\"2 minuti\" \/>\n<script type=\"application\/ld+json\" class=\"yoast-schema-graph\">{\"@context\":\"https:\\\/\\\/schema.org\",\"@graph\":[{\"@type\":\"WebPage\",\"@id\":\"https:\\\/\\\/bonuskongcasino.org\\\/it\\\/applicazione\\\/\",\"url\":\"https:\\\/\\\/bonuskongcasino.org\\\/it\\\/applicazione\\\/\",\"name\":\"Bonuskong Casino App per iOS e Android\",\"isPartOf\":{\"@id\":\"https:\\\/\\\/bonuskongcasino.org\\\/it\\\/#website\"},\"datePublished\":\"2026-01-21T08:39:31+00:00\",\"dateModified\":\"2026-01-21T11:57:39+00:00\",\"description\":\"Vivi l'esperienza del casin\u00f2 mobile su qualsiasi dispositivo con ufficiale Bonus Kong app. Gioca alle slot, ai giochi da tavolo e con i croupier dal vivo sempre e ovunque, con un supporto rapido e pagamenti affidabili in mobilit\u00e0.\",\"breadcrumb\":{\"@id\":\"https:\\\/\\\/bonuskongcasino.org\\\/it\\\/applicazione\\\/#breadcrumb\"},\"inLanguage\":\"it-IT\",\"potentialAction\":[{\"@type\":\"ReadAction\",\"target\":[\"https:\\\/\\\/bonuskongcasino.org\\\/it\\\/applicazione\\\/\"]}]},{\"@type\":\"BreadcrumbList\",\"@id\":\"https:\\\/\\\/bonuskongcasino.org\\\/it\\\/applicazione\\\/#breadcrumb\",\"itemListElement\":[{\"@type\":\"ListItem\",\"position\":1,\"name\":\"Bonuskong\",\"item\":\"https:\\\/\\\/bonuskongcasino.org\\\/it\\\/\"},{\"@type\":\"ListItem\",\"position\":2,\"name\":\"Applicazione\"}]},{\"@type\":\"WebSite\",\"@id\":\"https:\\\/\\\/bonuskongcasino.org\\\/it\\\/#website\",\"url\":\"https:\\\/\\\/bonuskongcasino.org\\\/it\\\/\",\"name\":\"Bonuskong\",\"description\":\"\",\"publisher\":{\"@id\":\"https:\\\/\\\/bonuskongcasino.org\\\/it\\\/#organization\"},\"potentialAction\":[{\"@type\":\"SearchAction\",\"target\":{\"@type\":\"EntryPoint\",\"urlTemplate\":\"https:\\\/\\\/bonuskongcasino.org\\\/it\\\/?s={search_term_string}\"},\"query-input\":{\"@type\":\"PropertyValueSpecification\",\"valueRequired\":true,\"valueName\":\"search_term_string\"}}],\"inLanguage\":\"it-IT\"},{\"@type\":\"Organization\",\"@id\":\"https:\\\/\\\/bonuskongcasino.org\\\/it\\\/#organization\",\"name\":\"Bonuskong\",\"url\":\"https:\\\/\\\/bonuskongcasino.org\\\/it\\\/\",\"logo\":{\"@type\":\"ImageObject\",\"inLanguage\":\"it-IT\",\"@id\":\"https:\\\/\\\/bonuskongcasino.org\\\/it\\\/#\\\/schema\\\/logo\\\/image\\\/\",\"url\":\"https:\\\/\\\/bonuskongcasino.org\\\/wp-content\\\/uploads\\\/2026\\\/01\\\/Bonuskong-logo.png\",\"contentUrl\":\"https:\\\/\\\/bonuskongcasino.org\\\/wp-content\\\/uploads\\\/2026\\\/01\\\/Bonuskong-logo.png\",\"width\":60,\"height\":24,\"caption\":\"Bonuskong\"},\"image\":{\"@id\":\"https:\\\/\\\/bonuskongcasino.org\\\/it\\\/#\\\/schema\\\/logo\\\/image\\\/\"}}]}<\/script>\n<!-- \/ Yoast SEO plugin. -->","yoast_head_json":{"title":"Bonuskong Casino App per iOS e Android","description":"Vivi l'esperienza del casin\u00f2 mobile su qualsiasi dispositivo con ufficiale Bonus Kong app. Gioca alle slot, ai giochi da tavolo e con i croupier dal vivo sempre e ovunque, con un supporto rapido e pagamenti affidabili in mobilit\u00e0.","robots":{"index":"index","follow":"follow","max-snippet":"max-snippet:-1","max-image-preview":"max-image-preview:large","max-video-preview":"max-video-preview:-1"},"canonical":"https:\/\/bonuskongcasino.org\/it\/applicazione\/","og_locale":"it_IT","og_type":"article","og_title":"Bonuskong Casino App per iOS e Android","og_description":"Vivi l'esperienza del casin\u00f2 mobile su qualsiasi dispositivo con ufficiale Bonus Kong app. Gioca alle slot, ai giochi da tavolo e con i croupier dal vivo sempre e ovunque, con un supporto rapido e pagamenti affidabili in mobilit\u00e0.","og_url":"https:\/\/bonuskongcasino.org\/it\/applicazione\/","og_site_name":"bonuskong","article_modified_time":"2026-01-21T11:57:39+00:00","twitter_card":"summary_large_image","twitter_misc":{"Est. reading time":"2 minuti"},"schema":{"@context":"https:\/\/schema.org","@graph":[{"@type":"WebPage","@id":"https:\/\/bonuskongcasino.org\/it\/applicazione\/","url":"https:\/\/bonuskongcasino.org\/it\/applicazione\/","name":"Bonuskong Casino App per iOS e Android","isPartOf":{"@id":"https:\/\/bonuskongcasino.org\/it\/#website"},"datePublished":"2026-01-21T08:39:31+00:00","dateModified":"2026-01-21T11:57:39+00:00","description":"Vivi l'esperienza del casin\u00f2 mobile su qualsiasi dispositivo con ufficiale Bonus Kong app. Gioca alle slot, ai giochi da tavolo e con i croupier dal vivo sempre e ovunque, con un supporto rapido e pagamenti affidabili in mobilit\u00e0.","breadcrumb":{"@id":"https:\/\/bonuskongcasino.org\/it\/applicazione\/#breadcrumb"},"inLanguage":"it-IT","potentialAction":[{"@type":"ReadAction","target":["https:\/\/bonuskongcasino.org\/it\/applicazione\/"]}]},{"@type":"BreadcrumbList","@id":"https:\/\/bonuskongcasino.org\/it\/applicazione\/#breadcrumb","itemListElement":[{"@type":"ListItem","position":1,"name":"Bonuskong","item":"https:\/\/bonuskongcasino.org\/it\/"},{"@type":"ListItem","position":2,"name":"Applicazione"}]},{"@type":"WebSite","@id":"https:\/\/bonuskongcasino.org\/it\/#website","url":"https:\/\/bonuskongcasino.org\/it\/","name":"Bonuskong","description":"","publisher":{"@id":"https:\/\/bonuskongcasino.org\/it\/#organization"},"potentialAction":[{"@type":"SearchAction","target":{"@type":"EntryPoint","urlTemplate":"https:\/\/bonuskongcasino.org\/it\/?s={search_term_string}"},"query-input":{"@type":"PropertyValueSpecification","valueRequired":true,"valueName":"search_term_string"}}],"inLanguage":"it-IT"},{"@type":"Organization","@id":"https:\/\/bonuskongcasino.org\/it\/#organization","name":"Bonuskong","url":"https:\/\/bonuskongcasino.org\/it\/","logo":{"@type":"ImageObject","inLanguage":"it-IT","@id":"https:\/\/bonuskongcasino.org\/it\/#\/schema\/logo\/image\/","url":"https:\/\/bonuskongcasino.org\/wp-content\/uploads\/2026\/01\/Bonuskong-logo.png","contentUrl":"https:\/\/bonuskongcasino.org\/wp-content\/uploads\/2026\/01\/Bonuskong-logo.png","width":60,"height":24,"caption":"Bonuskong"},"image":{"@id":"https:\/\/bonuskongcasino.org\/it\/#\/schema\/logo\/image\/"}}]}},"_links":{"self":[{"href":"https:\/\/bonuskongcasino.org\/it\/wp-json\/wp\/v2\/pages\/1419","targetHints":{"allow":["GET"]}}],"collection":[{"href":"https:\/\/bonuskongcasino.org\/it\/wp-json\/wp\/v2\/pages"}],"about":[{"href":"https:\/\/bonuskongcasino.org\/it\/wp-json\/wp\/v2\/types\/page"}],"author":[{"embeddable":true,"href":"https:\/\/bonuskongcasino.org\/it\/wp-json\/wp\/v2\/users\/1"}],"replies":[{"embeddable":true,"href":"https:\/\/bonuskongcasino.org\/it\/wp-json\/wp\/v2\/comments?post=1419"}],"version-history":[{"count":2,"href":"https:\/\/bonuskongcasino.org\/it\/wp-json\/wp\/v2\/pages\/1419\/revisions"}],"predecessor-version":[{"id":1709,"href":"https:\/\/bonuskongcasino.org\/it\/wp-json\/wp\/v2\/pages\/1419\/revisions\/1709"}],"wp:attachment":[{"href":"https:\/\/bonuskongcasino.org\/it\/wp-json\/wp\/v2\/media?parent=1419"}],"curies":[{"name":"wp","href":"https:\/\/api.w.org\/{rel}","templated":true}]}}