{"id":1414,"date":"2026-01-21T08:39:31","date_gmt":"2026-01-21T08:39:31","guid":{"rendered":"https:\/\/bonuskongcasino.org\/app\/"},"modified":"2026-01-21T10:03:02","modified_gmt":"2026-01-21T10:03:02","slug":"app","status":"publish","type":"page","link":"https:\/\/bonuskongcasino.org\/fr\/app\/","title":{"rendered":"App"},"content":{"rendered":"<h1>Application Mobile Bonuskong<\/h1>\n<p>Bonuskong app vous permet de jouer facilement \u00e0 vos jeux de casino pr\u00e9f\u00e9r\u00e9s sur votre t\u00e9l\u00e9phone ou tablette, o\u00f9 que vous soyez. Cette application web progressive vous permet de jouer sur votre t\u00e9l\u00e9phone ou tablette, tout en offrant toutes les fonctionnalit\u00e9s d&rsquo;une plateforme de bureau. Les joueurs peuvent acc\u00e9der rapidement aux bonus et naviguer sur le site sans avoir \u00e0 t\u00e9l\u00e9charger de gros fichiers ou \u00e0 occuper de l&rsquo;espace sur leurs appareils.<\/p>\n<div class=\"banner-wrap\" aria-label=\"Banner\"><img src=\"https:\/\/bonuskongcasino.org\/wp-content\/uploads\/2026\/01\/bonuskong-desktop-banner.webp\" class=\"w-100 d-none d-lg-block img-pc main-banner-img\" alt=\"bonuskong desktop banner\" fetchpriority=\"high\" decoding=\"async\"><img src=\"https:\/\/bonuskongcasino.org\/wp-content\/uploads\/2026\/01\/Bonuskong-mobile-banner.webp\" class=\"w-100 d-none d-md-block d-lg-none main-banner-img\" alt=\"Bonuskong mobile banner\" fetchpriority=\"high\" decoding=\"async\"><img src=\"https:\/\/bonuskongcasino.org\/wp-content\/uploads\/2026\/01\/Bonuskong-mobile-banner.webp\" class=\"w-100 d-md-none\" alt=\"Bonuskong mobile banner\" fetchpriority=\"high\" decoding=\"async\"><div class=\"banner-description\">\n<div class=\"banner-title\">Bonus de bienvenue<\/div>\n<p class=\"banner-header-title\">1500 \u20ac<\/p>\n<div class=\"banner-header-AdditionalText\">+ 250 Tours gratuits<\/div>\n<button data-item=\"homepage_banner_link\" class=\"goto m-button m-gradient-border m-button--primary m-button--large banner-button btn-orange\">\n            <div class=\"m-button-content\">\n                <span>Inscrivez-vous d\u00e8s maintenant<\/span>\n                <span><\/span>\n            <\/div>\n        <\/button>\n<\/div>\n<div class=\"WelcomePack\">\n<p><img loading=\"lazy\" decoding=\"async\" class=\"alignnone size-full wp-image-1386\" src=\"https:\/\/bonuskongcasino.org\/wp-content\/uploads\/2026\/01\/welcome-crown.png\" alt=\"welcome crown\" width=\"25\" height=\"26\" \/><\/p>\n<div class=\"WelcomePack-Info\">Cashback hebdomadaire jusqu&rsquo;\u00e0 25 %<\/div>\n<p><img loading=\"lazy\" decoding=\"async\" class=\"alignnone size-full wp-image-1386\" src=\"https:\/\/bonuskongcasino.org\/wp-content\/uploads\/2026\/01\/welcome-crown.png\" alt=\"welcome crown\" width=\"25\" height=\"26\" \/><\/p>\n<\/div>\n<\/div>\n<h2>Avantages de l&rsquo;Application Bonuskong<\/h2>\n<p>L&rsquo;application mobile Bonuskong poss\u00e8de de nombreuses fonctionnalit\u00e9s uniques qui am\u00e9liorent l&rsquo;exp\u00e9rience de jeu. L&rsquo;application fonctionne parfaitement sur les appareils iOS et Android, vous permettant de l&rsquo;utiliser sur la plateforme de votre choix.<\/p>\n<table>\n<tbody>\n<tr>\n<td>Fonctionnalit\u00e9<\/td>\n<td>Application mobile<\/td>\n<td>Version de bureau<\/td>\n<\/tr>\n<tr>\n<td>Acc\u00e8s instantan\u00e9<\/td>\n<td>Lancer depuis l&rsquo;ic\u00f4ne de l&rsquo;\u00e9cran d&rsquo;accueil<\/td>\n<td>N\u00e9cessite la navigation dans un navigateur<\/td>\n<\/tr>\n<tr>\n<td>Espace de stockage requis<\/td>\n<td>Minimal (technologie PWA)<\/td>\n<td>Cache du navigateur uniquement<\/td>\n<\/tr>\n<tr>\n<td>Notifications push<\/td>\n<td>Disponible pour les bonus et les mises \u00e0 jour<\/td>\n<td>Notifications limit\u00e9es du navigateur<\/td>\n<\/tr>\n<tr>\n<td>Optimisation tactile<\/td>\n<td>Commandes tactiles natives<\/td>\n<td>Souris et clavier uniquement<\/td>\n<\/tr>\n<\/tbody>\n<\/table>\n<p>L&rsquo;interface mobile fonctionne parfaitement sur les petits \u00e9crans sans affecter la qualit\u00e9 ou les fonctionnalit\u00e9s des jeux. Les commandes optimis\u00e9es pour le toucher facilitent le lancement des machines \u00e0 sous en ligne et le placement des mises, plus encore qu&rsquo;avec une souris.<\/p>\n<p>Il s&rsquo;agit d&rsquo;une fonctionnalit\u00e9 utile qui permet aux joueurs de recevoir des notifications instantan\u00e9es sur les nouvelles sorties de jeux, les opportunit\u00e9s de bonus et les promotions qui leur sont offertes. Construite sur une architecture PWA l\u00e9g\u00e8re, l&rsquo;application se met automatiquement \u00e0 jour sans n\u00e9cessiter d&rsquo;action de votre part. Ainsi, vous b\u00e9n\u00e9ficiez toujours des derni\u00e8res fonctionnalit\u00e9s et d&rsquo;une meilleure s\u00e9curit\u00e9.<\/p>\n<p><div class=\"scrollable-content-wrap my-5\"><div class=\"scrollable-content-inner\"><h2>Application Bonuskong pour PC ou Mac<\/h2>\n<p>Les utilisateurs de PC peuvent jouer \u00e0 Bonus Kong dans n&rsquo;importe quel navigateur web moderne, sans avoir besoin d&rsquo;installer de logiciel suppl\u00e9mentaire. Chrome, Safari, Firefox et Edge sont les navigateurs les plus compatibles avec la plateforme. Le fonctionnement est identique sur tous les syst\u00e8mes d&rsquo;exploitation.<\/p>\n<p>D\u00e9marrez votre navigateur web pr\u00e9f\u00e9r\u00e9 et rendez-vous sur le site web de Bonuskong. Que vous utilisiez un ordinateur portable, un \u00e9cran de bureau ou un moniteur large, le design responsive s&rsquo;adaptera \u00e0 la taille de votre \u00e9cran.<\/p>\n<p>La version bureau du jeu est plus adapt\u00e9e aux personnes qui pr\u00e9f\u00e8rent les grands \u00e9crans et les m\u00e9thodes de contr\u00f4le plus traditionnelles. Il est plus facile de suivre plusieurs mises ou de surveiller les tables de croupiers en direct gr\u00e2ce au plus grand affichage, qui montre plus d&rsquo;informations sur le jeu simultan\u00e9ment. Un \u00e9cran tactile n&rsquo;offre pas toutes les options de contr\u00f4le qu&rsquo;un raccourci clavier ou une souris de pr\u00e9cision permettent.<\/p>\n<p>Lorsque vous jouez longtemps sur un Mac, les fonctionnalit\u00e9s d&rsquo;\u00e9conomie d&rsquo;\u00e9nergie de Safari sont utiles car elles prolongent l&rsquo;autonomie de la batterie. Les utilisateurs de PC Windows peuvent obtenir des graphismes plus fluides dans les jeux de machines \u00e0 sous exigeants visuellement gr\u00e2ce \u00e0 l&rsquo;acc\u00e9l\u00e9ration mat\u00e9rielle de Chrome.<\/p>\n<p><img loading=\"lazy\" decoding=\"async\" src=\"https:\/\/bonuskongcasino.org\/wp-content\/uploads\/2026\/01\/Bonuskong-Desktop.webp\" alt=\"Bonuskong Desktop\" width=\"1248\" height=\"536\" \/><\/p>\n<\/div><\/div><div style=\"clear: both\"><\/div><div class=\"d-flex justify-content-center\"><button data-item=\"decouvrez_link\" data-group=\"website_links\" class=\"goto fw-bold rounded-pill btn btn-orange\" aria-label=\"T\u00e9l\u00e9chargez l&#039;application Bonuskong\" >T\u00e9l\u00e9chargez l&#039;application Bonuskong<\/button><\/div><div class=\"scrollable-content-wrap my-5\"><div class=\"scrollable-content-inner\"><h2>Comment jouer \u00e0 Bonus Kong sur iPhone et iPad<\/h2>\n<p>Les utilisateurs iOS peuvent acc\u00e9der au casino Bonuskong via un raccourci web qui fonctionne comme une application sur leur t\u00e9l\u00e9phone. Cette m\u00e9thode vous permet d&rsquo;utiliser toutes les fonctionnalit\u00e9s de l&rsquo;application sans rien t\u00e9l\u00e9charger depuis l&rsquo;App Store ni installer de logiciel sp\u00e9cifique \u00e0 iOS.<\/p>\n<h3>Installation pas \u00e0 pas de l&rsquo;application iOS<\/h3>\n<p>Safari dispose d&rsquo;outils facilitant l&rsquo;ajout de Bonuskong \u00e0 l&rsquo;\u00e9cran d&rsquo;accueil de votre iPhone ou iPad. Cela vous prendra moins d&rsquo;une minute. Cela cr\u00e9e une ic\u00f4ne qui ouvre la plateforme en plein \u00e9cran, \u00e9liminant les barres d&rsquo;outils du navigateur pour une exp\u00e9rience de jeu plus immersive.<\/p>\n<ol>\n<li>Lancez Safari sur votre appareil iOS et rendez-vous sur le site Bonuskong.<\/li>\n<li>Appuyez sur \u00ab\u00a0Partager\u00a0\u00bb au milieu de la barre inf\u00e9rieure. Apr\u00e8s avoir cliqu\u00e9 sur le menu de partage iOS, de nombreuses options s&rsquo;afficheront.<\/li>\n<li>Faites d\u00e9filer le menu jusqu&rsquo;\u00e0 trouver \u00ab\u00a0Ajouter \u00e0 l&rsquo;\u00e9cran d&rsquo;accueil\u00a0\u00bb.<\/li>\n<li>Modifiez le nom du raccourci et appuyez sur \u00ab\u00a0Ajouter\u00a0\u00bb dans le coin sup\u00e9rieur droit. Votre \u00e9cran d&rsquo;accueil affichera l&rsquo;ic\u00f4ne Bonuskong avec vos autres applications, permettant d&rsquo;acc\u00e9der facilement \u00e0 la plateforme en un seul clic.<\/li>\n<\/ol>\n<p>Le raccourci ouvre la plateforme de jeu compl\u00e8te dans une fen\u00eatre optimis\u00e9e pour iOS. Si vous rencontrez des probl\u00e8mes lors de l&rsquo;installation de l&rsquo;application ou de la proc\u00e9dure de v\u00e9rification, n&rsquo;h\u00e9sitez pas \u00e0 contacter notre \u00e9quipe d&rsquo;assistance par chat en direct ou par e-mail.<\/p>\n<p><img loading=\"lazy\" decoding=\"async\" src=\"https:\/\/bonuskongcasino.org\/wp-content\/uploads\/2026\/01\/Bonuskong-iOS.webp\" alt=\"Bonuskong iOS\" width=\"1248\" height=\"536\" \/><\/p>\n<\/div><\/div><div style=\"clear: both\"><\/div><div class=\"d-flex justify-content-center\"><button data-item=\"decouvrez_link\" data-group=\"website_links\" class=\"goto fw-bold rounded-pill btn btn-orange\" aria-label=\"T\u00e9l\u00e9charger Bonuskong\" >T\u00e9l\u00e9charger Bonuskong<\/button><\/div><div class=\"scrollable-content-wrap my-5\"><div class=\"scrollable-content-inner\"><h2>T\u00e9l\u00e9chargement et utilisation de l&rsquo;application sur Android<\/h2>\n<p>Les utilisateurs Android peuvent utiliser Chrome pour cr\u00e9er un raccourci vers Bonuskong sur leur \u00e9cran d&rsquo;accueil. Cette m\u00e9thode d&rsquo;application web progressive \u00e9vite les magasins d&rsquo;applications tiers tout en conservant toutes les fonctionnalit\u00e9s.<\/p>\n<ol>\n<li>Ouvrez le navigateur Chrome et rendez-vous sur le site web de Bonuskong.<\/li>\n<li>Dans le coin sup\u00e9rieur droit du navigateur, appuyez sur l&rsquo;ic\u00f4ne du menu \u00ab\u00a0Plus\u00a0\u00bb, qui ressemble \u00e0 trois points verticaux.<\/li>\n<li>Choisissez \u00ab\u00a0Ajouter \u00e0 l&rsquo;\u00e9cran d&rsquo;accueil\u00a0\u00bb. Chrome vous proposera un nom pour le raccourci, que vous pourrez modifier avant de confirmer.<\/li>\n<li>Pour terminer, appuyez sur \u00ab\u00a0Ajouter\u00a0\u00bb. L&rsquo;ic\u00f4ne Bonuskong appara\u00eetra sur votre \u00e9cran d&rsquo;accueil ou dans votre tiroir d&rsquo;applications.<\/li>\n<\/ol>\n<p><img loading=\"lazy\" decoding=\"async\" src=\"https:\/\/bonuskongcasino.org\/wp-content\/uploads\/2026\/01\/Bonuskong-Android.webp\" alt=\"Bonuskong Android\" width=\"1248\" height=\"536\" \/><\/p>\n<\/div><\/div><div style=\"clear: both\"><\/div><div class=\"d-flex justify-content-center\"><button data-item=\"decouvrez_link\" data-group=\"website_links\" class=\"goto fw-bold rounded-pill btn btn-orange\" aria-label=\"T\u00e9l\u00e9chargez l&#039;application Bonuskong\" >T\u00e9l\u00e9chargez l&#039;application Bonuskong<\/button><\/div><div class=\"scrollable-content-wrap my-5\"><div class=\"scrollable-content-inner\"><h2>FAQ<\/h2>\n<h3>L&rsquo;application Bonuskong n\u00e9cessite-t-elle un gros t\u00e9l\u00e9chargement ?<\/h3>\n<p>Non, Bonuskong ne n\u00e9cessite pas beaucoup d&rsquo;espace car elle utilise la technologie d&rsquo;application web progressive. Vous pouvez installer l&rsquo;application via votre navigateur sous forme de raccourci sur votre \u00e9cran d&rsquo;accueil. Elle occupe g\u00e9n\u00e9ralement moins de 5 Mo d&rsquo;espace sur votre appareil. Vous n&rsquo;aurez pas \u00e0 sacrifier d&rsquo;espace pour vos photos, vid\u00e9os ou autres applications.<\/p>\n<h3>Puis-je acc\u00e9der \u00e0 tous les jeux via l&rsquo;application mobile ?<\/h3>\n<p>Oui, le casino mobile donne acc\u00e8s \u00e0 l&rsquo;int\u00e9gralit\u00e9 de la ludoth\u00e8que Bonuskong. Toutes les machines \u00e0 sous, les jeux de table et les options de croupiers en direct disponibles sur la version bureau fonctionnent \u00e9galement sur les appareils mobiles. L&rsquo;interface adapte les commandes des jeux pour l&rsquo;interaction tactile sans supprimer de fonctionnalit\u00e9s ni limiter le choix.<\/p>\n<h3>L&rsquo;application va-t-elle vider rapidement la batterie de mon t\u00e9l\u00e9phone ?<\/h3>\n<p>Les fonctionnalit\u00e9s d&rsquo;optimisation de la batterie de Bonuskong r\u00e9duisent la consommation d&rsquo;\u00e9nergie pendant le jeu. Jouer aux machines \u00e0 sous standard utilise autant de batterie que le streaming vid\u00e9o. Lors de longues sessions de jeu, r\u00e9duire la luminosit\u00e9 de l&rsquo;\u00e9cran et fermer les applications en arri\u00e8re-plan prolonge l&rsquo;autonomie de la batterie.<\/p>\n<\/div><\/div><\/p>\n","protected":false},"excerpt":{"rendered":"<p>Application Mobile Bonuskong Bonuskong app vous permet de jouer facilement \u00e0 vos jeux de casino pr\u00e9f\u00e9r\u00e9s sur votre t\u00e9l\u00e9phone ou tablette, o\u00f9 que vous soyez. Cette application web progressive vous permet de jouer sur votre t\u00e9l\u00e9phone ou tablette, tout en offrant toutes les fonctionnalit\u00e9s d&rsquo;une plateforme de bureau. Les joueurs peuvent acc\u00e9der rapidement aux bonus [&hellip;]<\/p>\n","protected":false},"author":1,"featured_media":0,"parent":0,"menu_order":0,"comment_status":"closed","ping_status":"closed","template":"template-builder.php","meta":{"_acf_changed":false,"inline_featured_image":false,"footnotes":""},"class_list":["post-1414","page","type-page","status-publish","hentry"],"acf":[],"yoast_head":"<!-- This site is optimized with the Yoast SEO plugin v27.3 - https:\/\/yoast.com\/product\/yoast-seo-wordpress\/ -->\n<title>Bonuskong Casino App pour iOS et Android<\/title>\n<meta name=\"description\" content=\"Profitez de l&#039;exp\u00e9rience casino mobile sur tous vos appareils gr\u00e2ce \u00e0 officielle Bonus Kong app. Jouez aux machines \u00e0 sous, aux jeux de table et aux jeux avec croupiers en direct o\u00f9 que vous soyez, quand vous le souhaitez, avec une assistance rapide et des paiements s\u00e9curis\u00e9s en toute mobilit\u00e9.\" \/>\n<meta name=\"robots\" content=\"index, follow, max-snippet:-1, max-image-preview:large, max-video-preview:-1\" \/>\n<link rel=\"canonical\" href=\"https:\/\/bonuskongcasino.org\/fr\/app\/\" \/>\n<meta property=\"og:locale\" content=\"fr_FR\" \/>\n<meta property=\"og:type\" content=\"article\" \/>\n<meta property=\"og:title\" content=\"Bonuskong Casino App pour iOS et Android\" \/>\n<meta property=\"og:description\" content=\"Profitez de l&#039;exp\u00e9rience casino mobile sur tous vos appareils gr\u00e2ce \u00e0 officielle Bonus Kong app. Jouez aux machines \u00e0 sous, aux jeux de table et aux jeux avec croupiers en direct o\u00f9 que vous soyez, quand vous le souhaitez, avec une assistance rapide et des paiements s\u00e9curis\u00e9s en toute mobilit\u00e9.\" \/>\n<meta property=\"og:url\" content=\"https:\/\/bonuskongcasino.org\/fr\/app\/\" \/>\n<meta property=\"og:site_name\" content=\"bonuskong\" \/>\n<meta property=\"article:modified_time\" content=\"2026-01-21T10:03:02+00:00\" \/>\n<meta name=\"twitter:card\" content=\"summary_large_image\" \/>\n<meta name=\"twitter:label1\" content=\"Dur\u00e9e de lecture estim\u00e9e\" \/>\n\t<meta name=\"twitter:data1\" content=\"2 minutes\" \/>\n<script type=\"application\/ld+json\" class=\"yoast-schema-graph\">{\"@context\":\"https:\\\/\\\/schema.org\",\"@graph\":[{\"@type\":\"WebPage\",\"@id\":\"https:\\\/\\\/bonuskongcasino.org\\\/fr\\\/app\\\/\",\"url\":\"https:\\\/\\\/bonuskongcasino.org\\\/fr\\\/app\\\/\",\"name\":\"Bonuskong Casino App pour iOS et Android\",\"isPartOf\":{\"@id\":\"https:\\\/\\\/bonuskongcasino.org\\\/fr\\\/#website\"},\"datePublished\":\"2026-01-21T08:39:31+00:00\",\"dateModified\":\"2026-01-21T10:03:02+00:00\",\"description\":\"Profitez de l'exp\u00e9rience casino mobile sur tous vos appareils gr\u00e2ce \u00e0 officielle Bonus Kong app. Jouez aux machines \u00e0 sous, aux jeux de table et aux jeux avec croupiers en direct o\u00f9 que vous soyez, quand vous le souhaitez, avec une assistance rapide et des paiements s\u00e9curis\u00e9s en toute mobilit\u00e9.\",\"breadcrumb\":{\"@id\":\"https:\\\/\\\/bonuskongcasino.org\\\/fr\\\/app\\\/#breadcrumb\"},\"inLanguage\":\"fr-FR\",\"potentialAction\":[{\"@type\":\"ReadAction\",\"target\":[\"https:\\\/\\\/bonuskongcasino.org\\\/fr\\\/app\\\/\"]}]},{\"@type\":\"BreadcrumbList\",\"@id\":\"https:\\\/\\\/bonuskongcasino.org\\\/fr\\\/app\\\/#breadcrumb\",\"itemListElement\":[{\"@type\":\"ListItem\",\"position\":1,\"name\":\"Bonuskong\",\"item\":\"https:\\\/\\\/bonuskongcasino.org\\\/fr\\\/\"},{\"@type\":\"ListItem\",\"position\":2,\"name\":\"App\"}]},{\"@type\":\"WebSite\",\"@id\":\"https:\\\/\\\/bonuskongcasino.org\\\/fr\\\/#website\",\"url\":\"https:\\\/\\\/bonuskongcasino.org\\\/fr\\\/\",\"name\":\"Bonuskong\",\"description\":\"\",\"publisher\":{\"@id\":\"https:\\\/\\\/bonuskongcasino.org\\\/fr\\\/#organization\"},\"potentialAction\":[{\"@type\":\"SearchAction\",\"target\":{\"@type\":\"EntryPoint\",\"urlTemplate\":\"https:\\\/\\\/bonuskongcasino.org\\\/fr\\\/?s={search_term_string}\"},\"query-input\":{\"@type\":\"PropertyValueSpecification\",\"valueRequired\":true,\"valueName\":\"search_term_string\"}}],\"inLanguage\":\"fr-FR\"},{\"@type\":\"Organization\",\"@id\":\"https:\\\/\\\/bonuskongcasino.org\\\/fr\\\/#organization\",\"name\":\"Bonuskong\",\"url\":\"https:\\\/\\\/bonuskongcasino.org\\\/fr\\\/\",\"logo\":{\"@type\":\"ImageObject\",\"inLanguage\":\"fr-FR\",\"@id\":\"https:\\\/\\\/bonuskongcasino.org\\\/fr\\\/#\\\/schema\\\/logo\\\/image\\\/\",\"url\":\"https:\\\/\\\/bonuskongcasino.org\\\/wp-content\\\/uploads\\\/2026\\\/01\\\/Bonuskong-logo.png\",\"contentUrl\":\"https:\\\/\\\/bonuskongcasino.org\\\/wp-content\\\/uploads\\\/2026\\\/01\\\/Bonuskong-logo.png\",\"width\":60,\"height\":24,\"caption\":\"Bonuskong\"},\"image\":{\"@id\":\"https:\\\/\\\/bonuskongcasino.org\\\/fr\\\/#\\\/schema\\\/logo\\\/image\\\/\"}}]}<\/script>\n<!-- \/ Yoast SEO plugin. -->","yoast_head_json":{"title":"Bonuskong Casino App pour iOS et Android","description":"Profitez de l'exp\u00e9rience casino mobile sur tous vos appareils gr\u00e2ce \u00e0 officielle Bonus Kong app. Jouez aux machines \u00e0 sous, aux jeux de table et aux jeux avec croupiers en direct o\u00f9 que vous soyez, quand vous le souhaitez, avec une assistance rapide et des paiements s\u00e9curis\u00e9s en toute mobilit\u00e9.","robots":{"index":"index","follow":"follow","max-snippet":"max-snippet:-1","max-image-preview":"max-image-preview:large","max-video-preview":"max-video-preview:-1"},"canonical":"https:\/\/bonuskongcasino.org\/fr\/app\/","og_locale":"fr_FR","og_type":"article","og_title":"Bonuskong Casino App pour iOS et Android","og_description":"Profitez de l'exp\u00e9rience casino mobile sur tous vos appareils gr\u00e2ce \u00e0 officielle Bonus Kong app. Jouez aux machines \u00e0 sous, aux jeux de table et aux jeux avec croupiers en direct o\u00f9 que vous soyez, quand vous le souhaitez, avec une assistance rapide et des paiements s\u00e9curis\u00e9s en toute mobilit\u00e9.","og_url":"https:\/\/bonuskongcasino.org\/fr\/app\/","og_site_name":"bonuskong","article_modified_time":"2026-01-21T10:03:02+00:00","twitter_card":"summary_large_image","twitter_misc":{"Dur\u00e9e de lecture estim\u00e9e":"2 minutes"},"schema":{"@context":"https:\/\/schema.org","@graph":[{"@type":"WebPage","@id":"https:\/\/bonuskongcasino.org\/fr\/app\/","url":"https:\/\/bonuskongcasino.org\/fr\/app\/","name":"Bonuskong Casino App pour iOS et Android","isPartOf":{"@id":"https:\/\/bonuskongcasino.org\/fr\/#website"},"datePublished":"2026-01-21T08:39:31+00:00","dateModified":"2026-01-21T10:03:02+00:00","description":"Profitez de l'exp\u00e9rience casino mobile sur tous vos appareils gr\u00e2ce \u00e0 officielle Bonus Kong app. Jouez aux machines \u00e0 sous, aux jeux de table et aux jeux avec croupiers en direct o\u00f9 que vous soyez, quand vous le souhaitez, avec une assistance rapide et des paiements s\u00e9curis\u00e9s en toute mobilit\u00e9.","breadcrumb":{"@id":"https:\/\/bonuskongcasino.org\/fr\/app\/#breadcrumb"},"inLanguage":"fr-FR","potentialAction":[{"@type":"ReadAction","target":["https:\/\/bonuskongcasino.org\/fr\/app\/"]}]},{"@type":"BreadcrumbList","@id":"https:\/\/bonuskongcasino.org\/fr\/app\/#breadcrumb","itemListElement":[{"@type":"ListItem","position":1,"name":"Bonuskong","item":"https:\/\/bonuskongcasino.org\/fr\/"},{"@type":"ListItem","position":2,"name":"App"}]},{"@type":"WebSite","@id":"https:\/\/bonuskongcasino.org\/fr\/#website","url":"https:\/\/bonuskongcasino.org\/fr\/","name":"Bonuskong","description":"","publisher":{"@id":"https:\/\/bonuskongcasino.org\/fr\/#organization"},"potentialAction":[{"@type":"SearchAction","target":{"@type":"EntryPoint","urlTemplate":"https:\/\/bonuskongcasino.org\/fr\/?s={search_term_string}"},"query-input":{"@type":"PropertyValueSpecification","valueRequired":true,"valueName":"search_term_string"}}],"inLanguage":"fr-FR"},{"@type":"Organization","@id":"https:\/\/bonuskongcasino.org\/fr\/#organization","name":"Bonuskong","url":"https:\/\/bonuskongcasino.org\/fr\/","logo":{"@type":"ImageObject","inLanguage":"fr-FR","@id":"https:\/\/bonuskongcasino.org\/fr\/#\/schema\/logo\/image\/","url":"https:\/\/bonuskongcasino.org\/wp-content\/uploads\/2026\/01\/Bonuskong-logo.png","contentUrl":"https:\/\/bonuskongcasino.org\/wp-content\/uploads\/2026\/01\/Bonuskong-logo.png","width":60,"height":24,"caption":"Bonuskong"},"image":{"@id":"https:\/\/bonuskongcasino.org\/fr\/#\/schema\/logo\/image\/"}}]}},"_links":{"self":[{"href":"https:\/\/bonuskongcasino.org\/fr\/wp-json\/wp\/v2\/pages\/1414","targetHints":{"allow":["GET"]}}],"collection":[{"href":"https:\/\/bonuskongcasino.org\/fr\/wp-json\/wp\/v2\/pages"}],"about":[{"href":"https:\/\/bonuskongcasino.org\/fr\/wp-json\/wp\/v2\/types\/page"}],"author":[{"embeddable":true,"href":"https:\/\/bonuskongcasino.org\/fr\/wp-json\/wp\/v2\/users\/1"}],"replies":[{"embeddable":true,"href":"https:\/\/bonuskongcasino.org\/fr\/wp-json\/wp\/v2\/comments?post=1414"}],"version-history":[{"count":2,"href":"https:\/\/bonuskongcasino.org\/fr\/wp-json\/wp\/v2\/pages\/1414\/revisions"}],"predecessor-version":[{"id":1557,"href":"https:\/\/bonuskongcasino.org\/fr\/wp-json\/wp\/v2\/pages\/1414\/revisions\/1557"}],"wp:attachment":[{"href":"https:\/\/bonuskongcasino.org\/fr\/wp-json\/wp\/v2\/media?parent=1414"}],"curies":[{"name":"wp","href":"https:\/\/api.w.org\/{rel}","templated":true}]}}