{"id":1461,"date":"2026-01-21T08:41:06","date_gmt":"2026-01-21T08:41:06","guid":{"rendered":"https:\/\/bonuskongcasino.org\/login-and-registration\/"},"modified":"2026-01-21T13:13:10","modified_gmt":"2026-01-21T13:13:10","slug":"inicio-de-sesion-y-registro","status":"publish","type":"page","link":"https:\/\/bonuskongcasino.org\/es\/inicio-de-sesion-y-registro\/","title":{"rendered":"Inicio de sesi\u00f3n y Registro"},"content":{"rendered":"<h1>Reg\u00edstrate en Bonuskong e Inicia Sesi\u00f3n<\/h1>\n<p>Cuando creas una cuenta en Bonuskong, puedes jugar miles de juegos y obtener ofertas especiales. Tan pronto como utilices el Bonuskong login, tendr\u00e1s acceso instant\u00e1neo a m\u00e1s de 6.000 juegos y funciones \u00fanicas dise\u00f1adas para mejorar la calidad general de tu experiencia de juego.<\/p>\n<p><div class=\"banner-wrap\" aria-label=\"Banner\"><img src=\"https:\/\/bonuskongcasino.org\/wp-content\/uploads\/2026\/01\/bonuskong-desktop-banner.webp\" class=\"w-100 d-none d-lg-block img-pc main-banner-img\" alt=\"bonuskong desktop banner\" fetchpriority=\"high\" decoding=\"async\"><img src=\"https:\/\/bonuskongcasino.org\/wp-content\/uploads\/2026\/01\/Bonuskong-mobile-banner.webp\" class=\"w-100 d-none d-md-block d-lg-none main-banner-img\" alt=\"Bonuskong mobile banner\" fetchpriority=\"high\" decoding=\"async\"><img src=\"https:\/\/bonuskongcasino.org\/wp-content\/uploads\/2026\/01\/Bonuskong-mobile-banner.webp\" class=\"w-100 d-md-none\" alt=\"Bonuskong mobile banner\" fetchpriority=\"high\" decoding=\"async\"><div class=\"banner-description\">\n<div class=\"banner-title\">Bonos de bienvenida<\/div>\n<p class=\"banner-header-title\">1500 \u20ac<\/p>\n<div class=\"banner-header-AdditionalText\">+ 250 Tiradas gratis<\/div>\n<button data-item=\"homepage_banner_link\" class=\"goto m-button m-gradient-border m-button--primary m-button--large banner-button btn-orange\">\n            <div class=\"m-button-content\">\n                <span>Reg\u00edstrate ahora<\/span>\n                <span><\/span>\n            <\/div>\n        <\/button>\n<\/div>\n<div class=\"WelcomePack\">\n<p><img loading=\"lazy\" decoding=\"async\" class=\"alignnone size-full wp-image-1386\" src=\"https:\/\/bonuskongcasino.org\/wp-content\/uploads\/2026\/01\/welcome-crown.png\" alt=\"welcome crown\" width=\"25\" height=\"26\" \/><\/p>\n<div class=\"WelcomePack-Info\">Reembolso semanal de hasta el 25 %<\/div>\n<p><img loading=\"lazy\" decoding=\"async\" class=\"alignnone size-full wp-image-1386\" src=\"https:\/\/bonuskongcasino.org\/wp-content\/uploads\/2026\/01\/welcome-crown.png\" alt=\"welcome crown\" width=\"25\" height=\"26\" \/><\/p>\n<\/div>\n<\/div><div class=\"scrollable-content-wrap my-5\"><div class=\"scrollable-content-inner\"><h2>C\u00f3mo Iniciar Sesi\u00f3n y Gestionar Tu Perfil<\/h2>\n<p>Tu cuenta de Bonuskong es f\u00e1cilmente accesible.<\/p>\n<ol>\n<li>Ve al sitio web de Bonuskong y haz clic en el bot\u00f3n \u00abIniciar sesi\u00f3n\u00bb en la esquina superior derecha.<\/li>\n<li>Introduce tu direcci\u00f3n de correo electr\u00f3nico registrada y tu contrase\u00f1a. Luego haz clic en \u00abEnviar\u00bb para acceder al panel de control de tu cuenta.<\/li>\n<\/ol>\n<p>Puedes cambiar tu informaci\u00f3n personal, consultar tu saldo, ver tu historial de transacciones y elegir c\u00f3mo quieres pagar con tu cuenta. El panel de control de la cuenta tambi\u00e9n muestra tus bonos actuales, cu\u00e1nto has apostado y a qu\u00e9 has jugado recientemente.<\/p>\n<table>\n<tbody>\n<tr>\n<td>Funci\u00f3n<\/td>\n<td>Descripci\u00f3n<\/td>\n<\/tr>\n<tr>\n<td>Resumen de Saldo<\/td>\n<td>Puedes ver tus fondos disponibles y saldo de bonos en cualquier momento.<\/td>\n<\/tr>\n<tr>\n<td>Historial de Transacciones<\/td>\n<td>Registro completo de todos los dep\u00f3sitos, retiros y partidas jugadas.<\/td>\n<\/tr>\n<tr>\n<td>Configuraci\u00f3n Personal<\/td>\n<td>Cambiar tu contrase\u00f1a, informaci\u00f3n de contacto y c\u00f3mo quieres que te contacten.<\/td>\n<\/tr>\n<tr>\n<td>Seguidor de Bonos<\/td>\n<td>Consulta a menudo promociones activas y requisitos de apuesta.<\/td>\n<\/tr>\n<\/tbody>\n<\/table>\n<h3>Usa las Herramientas de Juego Responsable<\/h3>\n<p>El casino Bonuskong ofrece herramientas de juego responsable en la configuraci\u00f3n de tu cuenta. Limita tus dep\u00f3sitos por d\u00eda, semana o mes para controlar el gasto. Activa los recordatorios de tiempo de sesi\u00f3n para saber cu\u00e1nto tiempo has jugado. Las comprobaciones de realidad te ayudan a realizar un seguimiento de tus sesiones de juego configurando la frecuencia.<\/p>\n<p>Si necesitas un descanso, puedes optar por autoexcluirte. Tu cuenta se limitar\u00e1 temporalmente por un per\u00edodo que va desde 24 horas hasta varios meses. Tambi\u00e9n puedes establecer l\u00edmites sobre cu\u00e1nto puedes perder y cu\u00e1nto puedes apostar para asegurarte de que tu juego se mantenga seguro.<\/p>\n<h3>\u00bfOlvidaste Tus Datos de Inicio de Sesi\u00f3n?<\/h3>\n<p>Para recuperar tu contrase\u00f1a, ve a la p\u00e1gina de inicio de sesi\u00f3n y haz clic en el enlace \u00ab\u00bfOlvidaste tu contrase\u00f1a?\u00bb. Introduce tu direcci\u00f3n de correo electr\u00f3nico de registro y revisa tu bandeja de entrada para encontrar un enlace para restablecer tu contrase\u00f1a. Sigue las instrucciones del correo electr\u00f3nico para restablecer tu contrase\u00f1a.<\/p>\n<p>Si olvidas tu correo electr\u00f3nico, contacta con el servicio de atenci\u00f3n al cliente a trav\u00e9s del chat en vivo o por correo electr\u00f3nico. Por favor, proporciona tu nombre completo, fecha de nacimiento y n\u00famero de tel\u00e9fono de registro. El equipo de atenci\u00f3n al cliente verificar\u00e1 tu identidad y te ayudar\u00e1 a iniciar sesi\u00f3n.<\/p>\n<h2>C\u00f3mo Completar la Verificaci\u00f3n de la Cuenta<\/h2>\n<p>Verificar tu cuenta te mantiene seguro y te da acceso completo a todas las funciones de la plataforma. Normalmente, el proceso de verificaci\u00f3n comienza despu\u00e9s de que realices tu primer dep\u00f3sito o solicites un retiro. Recibir\u00e1s un correo electr\u00f3nico con instrucciones y un enlace para subir tus documentos.<\/p>\n<p>Obt\u00e9n una imagen clara o un escaneo de tu documento de identidad oficial, como tu carnet de conducir o pasaporte. Tambi\u00e9n necesitas un comprobante de domicilio de los \u00faltimos tres meses, como un extracto bancario o una factura de servicios. En algunos casos, es posible que necesites enviar una foto de tu tarjeta de pago con los primeros seis y \u00faltimos cuatro d\u00edgitos visibles y los n\u00fameros del medio cubiertos.<\/p>\n<p>Puedes subir estos archivos a trav\u00e9s del portal seguro de verificaci\u00f3n en la configuraci\u00f3n de tu cuenta. El equipo de Bonuskong revisa las solicitudes en un plazo de 24 a 48 horas. Recibir\u00e1s un correo electr\u00f3nico inform\u00e1ndote de que el proceso de verificaci\u00f3n ha finalizado. Aseg\u00farate de tener toda tu documentaci\u00f3n lista antes de solicitar tu primer retiro para no tener que esperar.<\/p>\n<h2>Registrarse en Bonus Kong<\/h2>\n<p>El registro solo lleva unos minutos y solo necesitas proporcionar informaci\u00f3n b\u00e1sica. Los titulares de cuentas reciben bonos personalizados, dep\u00f3sitos y retiros m\u00e1s r\u00e1pidos y soporte multiling\u00fce.<\/p>\n<p>Tus datos est\u00e1n seguros durante el proceso de registro porque utiliza HTTPS y cifrado SSL de 256 bits. Bonuskong cumple con las normas del RGPD y tiene reglas estrictas sobre privacidad. Tu informaci\u00f3n permanecer\u00e1 privada y segura durante el proceso de registro y despu\u00e9s.<\/p>\n<h3>C\u00f3mo Configurar Tu Cuenta<\/h3>\n<p>Para iniciar el proceso de registro, ve a la p\u00e1gina de inicio del casino Bonuskong y haz clic en el bot\u00f3n \u00abRegistrarse\u00bb. La primera pantalla solicita tu direcci\u00f3n de correo electr\u00f3nico, una contrase\u00f1a segura y una confirmaci\u00f3n de que aceptas los T\u00e9rminos y Condiciones. Elige una contrase\u00f1a segura que contenga letras may\u00fasculas y min\u00fasculas, n\u00fameros y caracteres especiales. Para pasar al siguiente paso, haz clic en el bot\u00f3n \u00abRegistrarse\u00bb.<\/p>\n<p>Aparece una segunda ventana solicitando m\u00e1s informaci\u00f3n. Por favor, rellena tu nombre y apellidos, tu fecha de nacimiento y tu n\u00famero de tel\u00e9fono con el c\u00f3digo de pa\u00eds. Los jugadores deben tener al menos 18 a\u00f1os para jugar en Bonus Kong, y este paso verifica su edad. Aseg\u00farate de que toda la informaci\u00f3n sea correcta, ya que debe coincidir con los documentos que uses para verificarla. Para finalizar el registro, haz clic en \u00abGuardar\u00bb.<\/p>\n<p>Recibir\u00e1s un correo electr\u00f3nico en la direcci\u00f3n que proporcionaste para confirmar. Para activar tu cuenta, haz clic en el enlace del correo electr\u00f3nico que dice \u00abverificar\u00bb. Inicia sesi\u00f3n con tu nombre de usuario y contrase\u00f1a para ver las ofertas de bienvenida para nuevos jugadores. Para comenzar a jugar y obtener cualquier bono de registro, realiza tu primer dep\u00f3sito.<\/p>\n<h2>Preguntas Frecuentes<\/h2>\n<h3>\u00bfCu\u00e1nto tiempo lleva verificar mi cuenta?<\/h3>\n<p>Despu\u00e9s de haber enviado toda la documentaci\u00f3n necesaria, normalmente se tarda entre 24 y 48 horas en verificar tu informaci\u00f3n. El proceso puede ser m\u00e1s r\u00e1pido durante el horario comercial de los d\u00edas laborables. Puedes seguir jugando mientras la verificaci\u00f3n est\u00e1 en curso, pero no podr\u00e1s solicitar un retiro hasta que la verificaci\u00f3n se complete.<\/p>\n<h3>\u00bfPuedo cambiar mi direcci\u00f3n de correo electr\u00f3nico despu\u00e9s del registro?<\/h3>\n<p>Puedes cambiar tu direcci\u00f3n de correo electr\u00f3nico en el men\u00fa de configuraci\u00f3n de la cuenta. Por razones de seguridad, por favor llama al servicio de atenci\u00f3n al cliente para confirmar el cambio. No puedes usar la nueva direcci\u00f3n de correo electr\u00f3nico con ninguna otra cuenta de Bonuskong.<\/p>\n<h3>\u00bfQu\u00e9 pasa si introduzco informaci\u00f3n incorrecta durante el registro?<\/h3>\n<p>Contacta con el servicio de atenci\u00f3n al cliente inmediatamente si notas alg\u00fan error en los datos de tu registro. Se requiere informaci\u00f3n precisa para la verificaci\u00f3n de la cuenta y los retiros. El personal de soporte est\u00e1 disponible a trav\u00e9s del chat en vivo para ayudarte a corregir cualquier error antes de que env\u00edes tus documentos para el proceso de verificaci\u00f3n.<\/p>\n<h3>\u00bfEs obligatoria la autenticaci\u00f3n de dos factores?<\/h3>\n<p>La autenticaci\u00f3n de dos factores no es obligatoria, pero se recomienda encarecidamente para una mejor seguridad de la cuenta. Activa la autenticaci\u00f3n de dos factores (2FA) en la configuraci\u00f3n de tu cuenta para hacerla a\u00fan m\u00e1s segura. Cada vez que inicies sesi\u00f3n, necesitar\u00e1s introducir un c\u00f3digo desde tu tel\u00e9fono.<\/p>\n<\/div><\/div><\/p>\n","protected":false},"excerpt":{"rendered":"<p>Reg\u00edstrate en Bonuskong e Inicia Sesi\u00f3n Cuando creas una cuenta en Bonuskong, puedes jugar miles de juegos y obtener ofertas especiales. Tan pronto como utilices el Bonuskong login, tendr\u00e1s acceso instant\u00e1neo a m\u00e1s de 6.000 juegos y funciones \u00fanicas dise\u00f1adas para mejorar la calidad general de tu experiencia de juego.<\/p>\n","protected":false},"author":1,"featured_media":0,"parent":0,"menu_order":0,"comment_status":"closed","ping_status":"closed","template":"template-builder.php","meta":{"_acf_changed":false,"inline_featured_image":false,"footnotes":""},"class_list":["post-1461","page","type-page","status-publish","hentry"],"acf":[],"yoast_head":"<!-- This site is optimized with the Yoast SEO plugin v27.3 - https:\/\/yoast.com\/product\/yoast-seo-wordpress\/ -->\n<title>Bonuskong Login y registro de cuenta<\/title>\n<meta name=\"description\" content=\"Tu Bonus Kong login te da acceso instant\u00e1neo a miles de juegos y a tu panel personal. Revisa tus saldos, haz seguimiento de tus bonos y comprueba la verificaci\u00f3n. Reg\u00edstrate ahora o inicia sesi\u00f3n cuando quieras.\" \/>\n<meta name=\"robots\" content=\"index, follow, max-snippet:-1, max-image-preview:large, max-video-preview:-1\" \/>\n<link rel=\"canonical\" href=\"https:\/\/bonuskongcasino.org\/es\/inicio-de-sesion-y-registro\/\" \/>\n<meta property=\"og:locale\" content=\"es_ES\" \/>\n<meta property=\"og:type\" content=\"article\" \/>\n<meta property=\"og:title\" content=\"Bonuskong Login y registro de cuenta\" \/>\n<meta property=\"og:description\" content=\"Tu Bonus Kong login te da acceso instant\u00e1neo a miles de juegos y a tu panel personal. Revisa tus saldos, haz seguimiento de tus bonos y comprueba la verificaci\u00f3n. Reg\u00edstrate ahora o inicia sesi\u00f3n cuando quieras.\" \/>\n<meta property=\"og:url\" content=\"https:\/\/bonuskongcasino.org\/es\/inicio-de-sesion-y-registro\/\" \/>\n<meta property=\"og:site_name\" content=\"bonuskong\" \/>\n<meta property=\"article:modified_time\" content=\"2026-01-21T13:13:10+00:00\" \/>\n<meta name=\"twitter:card\" content=\"summary_large_image\" \/>\n<meta name=\"twitter:label1\" content=\"Est. reading time\" \/>\n\t<meta name=\"twitter:data1\" content=\"1 minuto\" \/>\n<script type=\"application\/ld+json\" class=\"yoast-schema-graph\">{\"@context\":\"https:\\\/\\\/schema.org\",\"@graph\":[{\"@type\":\"WebPage\",\"@id\":\"https:\\\/\\\/bonuskongcasino.org\\\/es\\\/inicio-de-sesion-y-registro\\\/\",\"url\":\"https:\\\/\\\/bonuskongcasino.org\\\/es\\\/inicio-de-sesion-y-registro\\\/\",\"name\":\"Bonuskong Login y registro de cuenta\",\"isPartOf\":{\"@id\":\"https:\\\/\\\/bonuskongcasino.org\\\/es\\\/#website\"},\"datePublished\":\"2026-01-21T08:41:06+00:00\",\"dateModified\":\"2026-01-21T13:13:10+00:00\",\"description\":\"Tu Bonus Kong login te da acceso instant\u00e1neo a miles de juegos y a tu panel personal. Revisa tus saldos, haz seguimiento de tus bonos y comprueba la verificaci\u00f3n. Reg\u00edstrate ahora o inicia sesi\u00f3n cuando quieras.\",\"breadcrumb\":{\"@id\":\"https:\\\/\\\/bonuskongcasino.org\\\/es\\\/inicio-de-sesion-y-registro\\\/#breadcrumb\"},\"inLanguage\":\"es\",\"potentialAction\":[{\"@type\":\"ReadAction\",\"target\":[\"https:\\\/\\\/bonuskongcasino.org\\\/es\\\/inicio-de-sesion-y-registro\\\/\"]}]},{\"@type\":\"BreadcrumbList\",\"@id\":\"https:\\\/\\\/bonuskongcasino.org\\\/es\\\/inicio-de-sesion-y-registro\\\/#breadcrumb\",\"itemListElement\":[{\"@type\":\"ListItem\",\"position\":1,\"name\":\"Bonuskong\",\"item\":\"https:\\\/\\\/bonuskongcasino.org\\\/es\\\/\"},{\"@type\":\"ListItem\",\"position\":2,\"name\":\"Inicio de sesi\u00f3n y Registro\"}]},{\"@type\":\"WebSite\",\"@id\":\"https:\\\/\\\/bonuskongcasino.org\\\/es\\\/#website\",\"url\":\"https:\\\/\\\/bonuskongcasino.org\\\/es\\\/\",\"name\":\"Bonuskong\",\"description\":\"\",\"publisher\":{\"@id\":\"https:\\\/\\\/bonuskongcasino.org\\\/es\\\/#organization\"},\"potentialAction\":[{\"@type\":\"SearchAction\",\"target\":{\"@type\":\"EntryPoint\",\"urlTemplate\":\"https:\\\/\\\/bonuskongcasino.org\\\/es\\\/?s={search_term_string}\"},\"query-input\":{\"@type\":\"PropertyValueSpecification\",\"valueRequired\":true,\"valueName\":\"search_term_string\"}}],\"inLanguage\":\"es\"},{\"@type\":\"Organization\",\"@id\":\"https:\\\/\\\/bonuskongcasino.org\\\/es\\\/#organization\",\"name\":\"Bonuskong\",\"url\":\"https:\\\/\\\/bonuskongcasino.org\\\/es\\\/\",\"logo\":{\"@type\":\"ImageObject\",\"inLanguage\":\"es\",\"@id\":\"https:\\\/\\\/bonuskongcasino.org\\\/es\\\/#\\\/schema\\\/logo\\\/image\\\/\",\"url\":\"https:\\\/\\\/bonuskongcasino.org\\\/wp-content\\\/uploads\\\/2026\\\/01\\\/Bonuskong-logo.png\",\"contentUrl\":\"https:\\\/\\\/bonuskongcasino.org\\\/wp-content\\\/uploads\\\/2026\\\/01\\\/Bonuskong-logo.png\",\"width\":60,\"height\":24,\"caption\":\"Bonuskong\"},\"image\":{\"@id\":\"https:\\\/\\\/bonuskongcasino.org\\\/es\\\/#\\\/schema\\\/logo\\\/image\\\/\"}}]}<\/script>\n<!-- \/ Yoast SEO plugin. -->","yoast_head_json":{"title":"Bonuskong Login y registro de cuenta","description":"Tu Bonus Kong login te da acceso instant\u00e1neo a miles de juegos y a tu panel personal. Revisa tus saldos, haz seguimiento de tus bonos y comprueba la verificaci\u00f3n. Reg\u00edstrate ahora o inicia sesi\u00f3n cuando quieras.","robots":{"index":"index","follow":"follow","max-snippet":"max-snippet:-1","max-image-preview":"max-image-preview:large","max-video-preview":"max-video-preview:-1"},"canonical":"https:\/\/bonuskongcasino.org\/es\/inicio-de-sesion-y-registro\/","og_locale":"es_ES","og_type":"article","og_title":"Bonuskong Login y registro de cuenta","og_description":"Tu Bonus Kong login te da acceso instant\u00e1neo a miles de juegos y a tu panel personal. Revisa tus saldos, haz seguimiento de tus bonos y comprueba la verificaci\u00f3n. Reg\u00edstrate ahora o inicia sesi\u00f3n cuando quieras.","og_url":"https:\/\/bonuskongcasino.org\/es\/inicio-de-sesion-y-registro\/","og_site_name":"bonuskong","article_modified_time":"2026-01-21T13:13:10+00:00","twitter_card":"summary_large_image","twitter_misc":{"Est. reading time":"1 minuto"},"schema":{"@context":"https:\/\/schema.org","@graph":[{"@type":"WebPage","@id":"https:\/\/bonuskongcasino.org\/es\/inicio-de-sesion-y-registro\/","url":"https:\/\/bonuskongcasino.org\/es\/inicio-de-sesion-y-registro\/","name":"Bonuskong Login y registro de cuenta","isPartOf":{"@id":"https:\/\/bonuskongcasino.org\/es\/#website"},"datePublished":"2026-01-21T08:41:06+00:00","dateModified":"2026-01-21T13:13:10+00:00","description":"Tu Bonus Kong login te da acceso instant\u00e1neo a miles de juegos y a tu panel personal. Revisa tus saldos, haz seguimiento de tus bonos y comprueba la verificaci\u00f3n. Reg\u00edstrate ahora o inicia sesi\u00f3n cuando quieras.","breadcrumb":{"@id":"https:\/\/bonuskongcasino.org\/es\/inicio-de-sesion-y-registro\/#breadcrumb"},"inLanguage":"es","potentialAction":[{"@type":"ReadAction","target":["https:\/\/bonuskongcasino.org\/es\/inicio-de-sesion-y-registro\/"]}]},{"@type":"BreadcrumbList","@id":"https:\/\/bonuskongcasino.org\/es\/inicio-de-sesion-y-registro\/#breadcrumb","itemListElement":[{"@type":"ListItem","position":1,"name":"Bonuskong","item":"https:\/\/bonuskongcasino.org\/es\/"},{"@type":"ListItem","position":2,"name":"Inicio de sesi\u00f3n y Registro"}]},{"@type":"WebSite","@id":"https:\/\/bonuskongcasino.org\/es\/#website","url":"https:\/\/bonuskongcasino.org\/es\/","name":"Bonuskong","description":"","publisher":{"@id":"https:\/\/bonuskongcasino.org\/es\/#organization"},"potentialAction":[{"@type":"SearchAction","target":{"@type":"EntryPoint","urlTemplate":"https:\/\/bonuskongcasino.org\/es\/?s={search_term_string}"},"query-input":{"@type":"PropertyValueSpecification","valueRequired":true,"valueName":"search_term_string"}}],"inLanguage":"es"},{"@type":"Organization","@id":"https:\/\/bonuskongcasino.org\/es\/#organization","name":"Bonuskong","url":"https:\/\/bonuskongcasino.org\/es\/","logo":{"@type":"ImageObject","inLanguage":"es","@id":"https:\/\/bonuskongcasino.org\/es\/#\/schema\/logo\/image\/","url":"https:\/\/bonuskongcasino.org\/wp-content\/uploads\/2026\/01\/Bonuskong-logo.png","contentUrl":"https:\/\/bonuskongcasino.org\/wp-content\/uploads\/2026\/01\/Bonuskong-logo.png","width":60,"height":24,"caption":"Bonuskong"},"image":{"@id":"https:\/\/bonuskongcasino.org\/es\/#\/schema\/logo\/image\/"}}]}},"_links":{"self":[{"href":"https:\/\/bonuskongcasino.org\/es\/wp-json\/wp\/v2\/pages\/1461","targetHints":{"allow":["GET"]}}],"collection":[{"href":"https:\/\/bonuskongcasino.org\/es\/wp-json\/wp\/v2\/pages"}],"about":[{"href":"https:\/\/bonuskongcasino.org\/es\/wp-json\/wp\/v2\/types\/page"}],"author":[{"embeddable":true,"href":"https:\/\/bonuskongcasino.org\/es\/wp-json\/wp\/v2\/users\/1"}],"replies":[{"embeddable":true,"href":"https:\/\/bonuskongcasino.org\/es\/wp-json\/wp\/v2\/comments?post=1461"}],"version-history":[{"count":1,"href":"https:\/\/bonuskongcasino.org\/es\/wp-json\/wp\/v2\/pages\/1461\/revisions"}],"predecessor-version":[{"id":1787,"href":"https:\/\/bonuskongcasino.org\/es\/wp-json\/wp\/v2\/pages\/1461\/revisions\/1787"}],"wp:attachment":[{"href":"https:\/\/bonuskongcasino.org\/es\/wp-json\/wp\/v2\/media?parent=1461"}],"curies":[{"name":"wp","href":"https:\/\/api.w.org\/{rel}","templated":true}]}}