{"id":1423,"date":"2026-01-21T08:39:31","date_gmt":"2026-01-21T08:39:31","guid":{"rendered":"https:\/\/bonuskongcasino.org\/app-2\/"},"modified":"2026-01-21T13:12:05","modified_gmt":"2026-01-21T13:12:05","slug":"aplicacion","status":"publish","type":"page","link":"https:\/\/bonuskongcasino.org\/es\/aplicacion\/","title":{"rendered":"Aplicaci\u00f3n"},"content":{"rendered":"<h1>Aplicaci\u00f3n M\u00f3vil de Bonuskong<\/h1>\n<p>La Bonuskong app facilita jugar a tus juegos de casino favoritos en tu tel\u00e9fono o tableta, no importa d\u00f3nde est\u00e9s. Esta aplicaci\u00f3n web progresiva te permite jugar en tu tel\u00e9fono o tableta, pero tiene todas las funciones de una plataforma de escritorio. Los jugadores pueden acceder r\u00e1pidamente a los bonos y navegar por el sitio sin tener que descargar archivos grandes o ocupar espacio en sus dispositivos.<\/p>\n<div class=\"banner-wrap\" aria-label=\"Banner\"><img src=\"https:\/\/bonuskongcasino.org\/wp-content\/uploads\/2026\/01\/bonuskong-desktop-banner.webp\" class=\"w-100 d-none d-lg-block img-pc main-banner-img\" alt=\"bonuskong desktop banner\" fetchpriority=\"high\" decoding=\"async\"><img src=\"https:\/\/bonuskongcasino.org\/wp-content\/uploads\/2026\/01\/Bonuskong-mobile-banner.webp\" class=\"w-100 d-none d-md-block d-lg-none main-banner-img\" alt=\"Bonuskong mobile banner\" fetchpriority=\"high\" decoding=\"async\"><img src=\"https:\/\/bonuskongcasino.org\/wp-content\/uploads\/2026\/01\/Bonuskong-mobile-banner.webp\" class=\"w-100 d-md-none\" alt=\"Bonuskong mobile banner\" fetchpriority=\"high\" decoding=\"async\"><div class=\"banner-description\">\n<div class=\"banner-title\">Bonos de bienvenida<\/div>\n<p class=\"banner-header-title\">1500 \u20ac<\/p>\n<div class=\"banner-header-AdditionalText\">+ 250 Tiradas gratis<\/div>\n<button data-item=\"homepage_banner_link\" class=\"goto m-button m-gradient-border m-button--primary m-button--large banner-button btn-orange\">\n            <div class=\"m-button-content\">\n                <span>Reg\u00edstrate ahora<\/span>\n                <span><\/span>\n            <\/div>\n        <\/button>\n<\/div>\n<div class=\"WelcomePack\">\n<p><img loading=\"lazy\" decoding=\"async\" class=\"alignnone size-full wp-image-1386\" src=\"https:\/\/bonuskongcasino.org\/wp-content\/uploads\/2026\/01\/welcome-crown.png\" alt=\"welcome crown\" width=\"25\" height=\"26\" \/><\/p>\n<div class=\"WelcomePack-Info\">Reembolso semanal de hasta el 25 %<\/div>\n<p><img loading=\"lazy\" decoding=\"async\" class=\"alignnone size-full wp-image-1386\" src=\"https:\/\/bonuskongcasino.org\/wp-content\/uploads\/2026\/01\/welcome-crown.png\" alt=\"welcome crown\" width=\"25\" height=\"26\" \/><\/p>\n<\/div>\n<\/div>\n<h2>Ventajas de la aplicaci\u00f3n Bonuskong<\/h2>\n<p>La aplicaci\u00f3n m\u00f3vil de Bonuskong tiene muchas caracter\u00edsticas \u00fanicas que mejoran la experiencia de juego. La aplicaci\u00f3n funciona perfectamente en dispositivos iOS y Android, por lo que puedes usarla en cualquier plataforma que prefieras.<\/p>\n<table>\n<tbody>\n<tr>\n<td>Caracter\u00edstica<\/td>\n<td>Aplicaci\u00f3n M\u00f3vil<\/td>\n<td>Versi\u00f3n de Escritorio<\/td>\n<\/tr>\n<tr>\n<td>Acceso Instant\u00e1neo<\/td>\n<td>Lanzar desde icono en pantalla de inicio<\/td>\n<td>Requiere navegaci\u00f3n en el navegador<\/td>\n<\/tr>\n<tr>\n<td>Almacenamiento Requerido<\/td>\n<td>M\u00ednimo (tecnolog\u00eda PWA)<\/td>\n<td>Solo cach\u00e9 del navegador<\/td>\n<\/tr>\n<tr>\n<td>Notificaciones Push<\/td>\n<td>Disponibles para bonos y novedades<\/td>\n<td>Notificaciones limitadas del navegador<\/td>\n<\/tr>\n<tr>\n<td>Optimizaci\u00f3n T\u00e1ctil<\/td>\n<td>Controles t\u00e1ctiles nativos<\/td>\n<td>Solo rat\u00f3n y teclado<\/td>\n<\/tr>\n<\/tbody>\n<\/table>\n<p>La interfaz m\u00f3vil funciona perfectamente en pantallas m\u00e1s peque\u00f1as sin afectar la calidad o funcionalidad de los juegos. Los controles optimizados para pantalla t\u00e1ctil facilitan girar los rodillos de las tragamonedas en l\u00ednea y realizar apuestas en comparaci\u00f3n con el uso de un rat\u00f3n.<\/p>\n<p>Esta es una caracter\u00edstica \u00fatil que permite a los jugadores recibir notificaciones instant\u00e1neas sobre nuevos lanzamientos de juegos, oportunidades de bonos y promociones disponibles para ellos. Al estar construida sobre una arquitectura PWA ligera, la aplicaci\u00f3n se actualizar\u00e1 autom\u00e1ticamente sin requerir ninguna acci\u00f3n por tu parte. De esta manera, siempre tendr\u00e1s las funciones m\u00e1s nuevas y una mejor seguridad.<\/p>\n<p><div class=\"scrollable-content-wrap my-5\"><div class=\"scrollable-content-inner\"><h2>Aplicaci\u00f3n Bonuskong para PC o Mac<\/h2>\n<p>Los usuarios de PC pueden jugar en Bonus Kong en cualquier navegador web moderno, por lo que no necesitan instalar software adicional. Chrome, Safari, Firefox y Edge son los navegadores que mejor funcionan con la plataforma. Opera de la misma manera en todos los sistemas operativos.<\/p>\n<p>Inicia tu navegador web favorito y ve al sitio web de Bonuskong. No importa si usas un port\u00e1til, un monitor de escritorio o una pantalla panor\u00e1mica, el dise\u00f1o adaptable se ajustar\u00e1 al tama\u00f1o de tu pantalla.<\/p>\n<p>La versi\u00f3n de escritorio del juego es mejor para quienes prefieren pantallas m\u00e1s grandes y formas de control m\u00e1s tradicionales. Es m\u00e1s f\u00e1cil realizar un seguimiento de m\u00faltiples apuestas o ver mesas de crupier en vivo cuando la vista es m\u00e1s amplia, ya que muestra m\u00e1s informaci\u00f3n del juego al mismo tiempo. Una pantalla t\u00e1ctil no te ofrece todas las opciones de control que te brindan los atajos de teclado o un rat\u00f3n de precisi\u00f3n.<\/p>\n<p>Cuando juegas durante mucho tiempo en un Mac, las funciones de ahorro de energ\u00eda de Safari son \u00fatiles porque prolongan la duraci\u00f3n de la bater\u00eda. Los usuarios de PC con Windows pueden obtener gr\u00e1ficos m\u00e1s fluidos en juegos de tragamonedas que requieren mucha potencia visual con la aceleraci\u00f3n por hardware de Chrome.<\/p>\n<p><img loading=\"lazy\" decoding=\"async\" src=\"https:\/\/bonuskongcasino.org\/wp-content\/uploads\/2026\/01\/Bonuskong-Desktop.webp\" alt=\"Bonuskong Desktop\" width=\"1248\" height=\"536\" \/><\/p>\n<\/div><\/div><div style=\"clear: both\"><\/div><div class=\"d-flex justify-content-center\"><button data-item=\"decouvrez_link\" data-group=\"website_links\" class=\"goto fw-bold rounded-pill btn btn-orange\" aria-label=\"Descarga la aplicaci\u00f3n Bonuskong\" >Descarga la aplicaci\u00f3n Bonuskong<\/button><\/div><div class=\"scrollable-content-wrap my-5\"><div class=\"scrollable-content-inner\"><h2>C\u00f3mo jugar en Bonus Kong en iPhone y iPad<\/h2>\n<p>Los usuarios de iOS pueden acceder al casino Bonuskong a trav\u00e9s de un acceso directo en el sitio web que funciona como una aplicaci\u00f3n en su tel\u00e9fono. Este m\u00e9todo te permite usar todas las funciones de la aplicaci\u00f3n sin tener que descargar nada desde la App Store ni instalar nada espec\u00edfico para iOS.<\/p>\n<h3>Instalaci\u00f3n paso a paso de la aplicaci\u00f3n iOS<\/h3>\n<p>Safari tiene herramientas que facilitan a\u00f1adir Bonuskong a la pantalla de inicio de tu iPhone o iPad. Te llevar\u00e1 menos de un minuto. Esto crea un icono que abre la plataforma en modo de pantalla completa, eliminando las barras de herramientas del navegador para una experiencia de juego m\u00e1s inmersiva.<\/p>\n<ol>\n<li>Abre Safari en tu dispositivo iOS y ve al sitio de Bonuskong.<\/li>\n<li>Toca \u00abCompartir\u00bb en la parte inferior central. Despu\u00e9s de hacer clic en el men\u00fa de compartir de iOS, aparecer\u00e1n muchas opciones.<\/li>\n<li>Despl\u00e1zate hacia abajo en el men\u00fa hasta encontrar \u00abA\u00f1adir a la pantalla de inicio\u00bb.<\/li>\n<li>Cambia el nombre del acceso directo y toca \u00abA\u00f1adir\u00bb en la esquina superior derecha. Tu pantalla de inicio mostrar\u00e1 el icono de Bonuskong junto con tus otras aplicaciones, facilitando el acceso a la plataforma con un solo toque.<\/li>\n<\/ol>\n<p>El acceso directo abre la plataforma de juego completa en una ventana optimizada para iOS. Si experimentas alg\u00fan problema durante la instalaci\u00f3n de la aplicaci\u00f3n o al completar el proceso de verificaci\u00f3n, no dudes en contactar a nuestro equipo de soporte a trav\u00e9s del chat en vivo o por correo electr\u00f3nico.<\/p>\n<p><img loading=\"lazy\" decoding=\"async\" src=\"https:\/\/bonuskongcasino.org\/wp-content\/uploads\/2026\/01\/Bonuskong-iOS.webp\" alt=\"Bonuskong iOS\" width=\"1248\" height=\"536\" \/><\/p>\n<\/div><\/div><div style=\"clear: both\"><\/div><div class=\"d-flex justify-content-center\"><button data-item=\"decouvrez_link\" data-group=\"website_links\" class=\"goto fw-bold rounded-pill btn btn-orange\" aria-label=\"Descargar Bonuskong\" >Descargar Bonuskong<\/button><\/div><div class=\"scrollable-content-wrap my-5\"><div class=\"scrollable-content-inner\"><h2>Descargar y usar la aplicaci\u00f3n en Android<\/h2>\n<p>Los usuarios de Android pueden usar Chrome para crear un acceso directo a Bonuskong en su pantalla de inicio. Este m\u00e9todo de aplicaci\u00f3n web progresiva elimina las tiendas de aplicaciones de terceros mientras conserva todas las funciones.<\/p>\n<ol>\n<li>Abre el navegador Chrome y ve al sitio web de Bonuskong.<\/li>\n<li>En la esquina superior derecha del navegador, toca el icono del men\u00fa \u00abM\u00e1s\u00bb, que parece tres puntos verticales.<\/li>\n<li>Elige \u00abA\u00f1adir a la pantalla de inicio\u00bb. Chrome te dar\u00e1 un nombre para el acceso directo, que puedes cambiar antes de confirmar.<\/li>\n<li>Para finalizar, toca \u00abA\u00f1adir\u00bb. El icono de Bonuskong aparecer\u00e1 en tu pantalla de inicio o en tu caj\u00f3n de aplicaciones.<\/li>\n<\/ol>\n<p><img loading=\"lazy\" decoding=\"async\" src=\"https:\/\/bonuskongcasino.org\/wp-content\/uploads\/2026\/01\/Bonuskong-Android.webp\" alt=\"Bonuskong Android\" width=\"1248\" height=\"536\" \/><\/p>\n<\/div><\/div><div style=\"clear: both\"><\/div><div class=\"d-flex justify-content-center\"><button data-item=\"decouvrez_link\" data-group=\"website_links\" class=\"goto fw-bold rounded-pill btn btn-orange\" aria-label=\"Descarga la aplicaci\u00f3n Bonuskong\" >Descarga la aplicaci\u00f3n Bonuskong<\/button><\/div><div class=\"scrollable-content-wrap my-5\"><div class=\"scrollable-content-inner\"><h2>Preguntas Frecuentes<\/h2>\n<h3>\u00bfLa aplicaci\u00f3n Bonuskong requiere una descarga grande?<\/h3>\n<p>No, Bonuskong no necesita mucho espacio porque utiliza tecnolog\u00eda de aplicaci\u00f3n web progresiva. Puedes instalar la aplicaci\u00f3n a trav\u00e9s de tu navegador como un acceso directo en tu pantalla de inicio. Normalmente ocupa menos de 5 MB de espacio en tu dispositivo. No tendr\u00e1s que sacrificar espacio para fotos, v\u00eddeos u otras aplicaciones.<\/p>\n<h3>\u00bfPuedo acceder a todos los juegos a trav\u00e9s de la aplicaci\u00f3n m\u00f3vil?<\/h3>\n<p>S\u00ed, el casino m\u00f3vil proporciona acceso a la biblioteca completa de juegos de Bonuskong. Todas las tragamonedas, juegos de mesa y opciones de crupier en vivo disponibles en escritorio tambi\u00e9n funcionan en dispositivos m\u00f3viles. La interfaz adapta los controles del juego para la interacci\u00f3n t\u00e1ctil sin eliminar funciones ni limitar la selecci\u00f3n.<\/p>\n<h3>\u00bfLa aplicaci\u00f3n consumir\u00e1 r\u00e1pidamente la bater\u00eda de mi tel\u00e9fono?<\/h3>\n<p>Las funciones de optimizaci\u00f3n de bater\u00eda de Bonuskong reducen el uso de energ\u00eda durante el juego. El juego est\u00e1ndar de tragamonedas consume tanta bater\u00eda como la transmisi\u00f3n de v\u00eddeos. Durante sesiones de juego largas, reducir el brillo de la pantalla y cerrar aplicaciones en segundo plano prolonga la duraci\u00f3n de la bater\u00eda.<\/p>\n<\/div><\/div><\/p>\n","protected":false},"excerpt":{"rendered":"<p>Aplicaci\u00f3n M\u00f3vil de Bonuskong La Bonuskong app facilita jugar a tus juegos de casino favoritos en tu tel\u00e9fono o tableta, no importa d\u00f3nde est\u00e9s. Esta aplicaci\u00f3n web progresiva te permite jugar en tu tel\u00e9fono o tableta, pero tiene todas las funciones de una plataforma de escritorio. Los jugadores pueden acceder r\u00e1pidamente a los bonos y [&hellip;]<\/p>\n","protected":false},"author":1,"featured_media":0,"parent":0,"menu_order":0,"comment_status":"closed","ping_status":"closed","template":"template-builder.php","meta":{"_acf_changed":false,"inline_featured_image":false,"footnotes":""},"class_list":["post-1423","page","type-page","status-publish","hentry"],"acf":[],"yoast_head":"<!-- This site is optimized with the Yoast SEO plugin v27.3 - https:\/\/yoast.com\/product\/yoast-seo-wordpress\/ -->\n<title>Bonuskong Casino App para iOS y Android<\/title>\n<meta name=\"description\" content=\"Disfruta de la experiencia de casino m\u00f3vil en cualquier dispositivo con la oficial Bonus Kong app. Juega a tragamonedas, juegos de mesa y crupieres en vivo cuando y donde quieras con soporte r\u00e1pido y pagos seguros desde cualquier lugar.\" \/>\n<meta name=\"robots\" content=\"index, follow, max-snippet:-1, max-image-preview:large, max-video-preview:-1\" \/>\n<link rel=\"canonical\" href=\"https:\/\/bonuskongcasino.org\/es\/aplicacion\/\" \/>\n<meta property=\"og:locale\" content=\"es_ES\" \/>\n<meta property=\"og:type\" content=\"article\" \/>\n<meta property=\"og:title\" content=\"Bonuskong Casino App para iOS y Android\" \/>\n<meta property=\"og:description\" content=\"Disfruta de la experiencia de casino m\u00f3vil en cualquier dispositivo con la oficial Bonus Kong app. Juega a tragamonedas, juegos de mesa y crupieres en vivo cuando y donde quieras con soporte r\u00e1pido y pagos seguros desde cualquier lugar.\" \/>\n<meta property=\"og:url\" content=\"https:\/\/bonuskongcasino.org\/es\/aplicacion\/\" \/>\n<meta property=\"og:site_name\" content=\"bonuskong\" \/>\n<meta property=\"article:modified_time\" content=\"2026-01-21T13:12:05+00:00\" \/>\n<meta name=\"twitter:card\" content=\"summary_large_image\" \/>\n<meta name=\"twitter:label1\" content=\"Est. reading time\" \/>\n\t<meta name=\"twitter:data1\" content=\"2 minutos\" \/>\n<script type=\"application\/ld+json\" class=\"yoast-schema-graph\">{\"@context\":\"https:\\\/\\\/schema.org\",\"@graph\":[{\"@type\":\"WebPage\",\"@id\":\"https:\\\/\\\/bonuskongcasino.org\\\/es\\\/aplicacion\\\/\",\"url\":\"https:\\\/\\\/bonuskongcasino.org\\\/es\\\/aplicacion\\\/\",\"name\":\"Bonuskong Casino App para iOS y Android\",\"isPartOf\":{\"@id\":\"https:\\\/\\\/bonuskongcasino.org\\\/es\\\/#website\"},\"datePublished\":\"2026-01-21T08:39:31+00:00\",\"dateModified\":\"2026-01-21T13:12:05+00:00\",\"description\":\"Disfruta de la experiencia de casino m\u00f3vil en cualquier dispositivo con la oficial Bonus Kong app. Juega a tragamonedas, juegos de mesa y crupieres en vivo cuando y donde quieras con soporte r\u00e1pido y pagos seguros desde cualquier lugar.\",\"breadcrumb\":{\"@id\":\"https:\\\/\\\/bonuskongcasino.org\\\/es\\\/aplicacion\\\/#breadcrumb\"},\"inLanguage\":\"es\",\"potentialAction\":[{\"@type\":\"ReadAction\",\"target\":[\"https:\\\/\\\/bonuskongcasino.org\\\/es\\\/aplicacion\\\/\"]}]},{\"@type\":\"BreadcrumbList\",\"@id\":\"https:\\\/\\\/bonuskongcasino.org\\\/es\\\/aplicacion\\\/#breadcrumb\",\"itemListElement\":[{\"@type\":\"ListItem\",\"position\":1,\"name\":\"Bonuskong\",\"item\":\"https:\\\/\\\/bonuskongcasino.org\\\/es\\\/\"},{\"@type\":\"ListItem\",\"position\":2,\"name\":\"Aplicaci\u00f3n\"}]},{\"@type\":\"WebSite\",\"@id\":\"https:\\\/\\\/bonuskongcasino.org\\\/es\\\/#website\",\"url\":\"https:\\\/\\\/bonuskongcasino.org\\\/es\\\/\",\"name\":\"Bonuskong\",\"description\":\"\",\"publisher\":{\"@id\":\"https:\\\/\\\/bonuskongcasino.org\\\/es\\\/#organization\"},\"potentialAction\":[{\"@type\":\"SearchAction\",\"target\":{\"@type\":\"EntryPoint\",\"urlTemplate\":\"https:\\\/\\\/bonuskongcasino.org\\\/es\\\/?s={search_term_string}\"},\"query-input\":{\"@type\":\"PropertyValueSpecification\",\"valueRequired\":true,\"valueName\":\"search_term_string\"}}],\"inLanguage\":\"es\"},{\"@type\":\"Organization\",\"@id\":\"https:\\\/\\\/bonuskongcasino.org\\\/es\\\/#organization\",\"name\":\"Bonuskong\",\"url\":\"https:\\\/\\\/bonuskongcasino.org\\\/es\\\/\",\"logo\":{\"@type\":\"ImageObject\",\"inLanguage\":\"es\",\"@id\":\"https:\\\/\\\/bonuskongcasino.org\\\/es\\\/#\\\/schema\\\/logo\\\/image\\\/\",\"url\":\"https:\\\/\\\/bonuskongcasino.org\\\/wp-content\\\/uploads\\\/2026\\\/01\\\/Bonuskong-logo.png\",\"contentUrl\":\"https:\\\/\\\/bonuskongcasino.org\\\/wp-content\\\/uploads\\\/2026\\\/01\\\/Bonuskong-logo.png\",\"width\":60,\"height\":24,\"caption\":\"Bonuskong\"},\"image\":{\"@id\":\"https:\\\/\\\/bonuskongcasino.org\\\/es\\\/#\\\/schema\\\/logo\\\/image\\\/\"}}]}<\/script>\n<!-- \/ Yoast SEO plugin. -->","yoast_head_json":{"title":"Bonuskong Casino App para iOS y Android","description":"Disfruta de la experiencia de casino m\u00f3vil en cualquier dispositivo con la oficial Bonus Kong app. Juega a tragamonedas, juegos de mesa y crupieres en vivo cuando y donde quieras con soporte r\u00e1pido y pagos seguros desde cualquier lugar.","robots":{"index":"index","follow":"follow","max-snippet":"max-snippet:-1","max-image-preview":"max-image-preview:large","max-video-preview":"max-video-preview:-1"},"canonical":"https:\/\/bonuskongcasino.org\/es\/aplicacion\/","og_locale":"es_ES","og_type":"article","og_title":"Bonuskong Casino App para iOS y Android","og_description":"Disfruta de la experiencia de casino m\u00f3vil en cualquier dispositivo con la oficial Bonus Kong app. Juega a tragamonedas, juegos de mesa y crupieres en vivo cuando y donde quieras con soporte r\u00e1pido y pagos seguros desde cualquier lugar.","og_url":"https:\/\/bonuskongcasino.org\/es\/aplicacion\/","og_site_name":"bonuskong","article_modified_time":"2026-01-21T13:12:05+00:00","twitter_card":"summary_large_image","twitter_misc":{"Est. reading time":"2 minutos"},"schema":{"@context":"https:\/\/schema.org","@graph":[{"@type":"WebPage","@id":"https:\/\/bonuskongcasino.org\/es\/aplicacion\/","url":"https:\/\/bonuskongcasino.org\/es\/aplicacion\/","name":"Bonuskong Casino App para iOS y Android","isPartOf":{"@id":"https:\/\/bonuskongcasino.org\/es\/#website"},"datePublished":"2026-01-21T08:39:31+00:00","dateModified":"2026-01-21T13:12:05+00:00","description":"Disfruta de la experiencia de casino m\u00f3vil en cualquier dispositivo con la oficial Bonus Kong app. Juega a tragamonedas, juegos de mesa y crupieres en vivo cuando y donde quieras con soporte r\u00e1pido y pagos seguros desde cualquier lugar.","breadcrumb":{"@id":"https:\/\/bonuskongcasino.org\/es\/aplicacion\/#breadcrumb"},"inLanguage":"es","potentialAction":[{"@type":"ReadAction","target":["https:\/\/bonuskongcasino.org\/es\/aplicacion\/"]}]},{"@type":"BreadcrumbList","@id":"https:\/\/bonuskongcasino.org\/es\/aplicacion\/#breadcrumb","itemListElement":[{"@type":"ListItem","position":1,"name":"Bonuskong","item":"https:\/\/bonuskongcasino.org\/es\/"},{"@type":"ListItem","position":2,"name":"Aplicaci\u00f3n"}]},{"@type":"WebSite","@id":"https:\/\/bonuskongcasino.org\/es\/#website","url":"https:\/\/bonuskongcasino.org\/es\/","name":"Bonuskong","description":"","publisher":{"@id":"https:\/\/bonuskongcasino.org\/es\/#organization"},"potentialAction":[{"@type":"SearchAction","target":{"@type":"EntryPoint","urlTemplate":"https:\/\/bonuskongcasino.org\/es\/?s={search_term_string}"},"query-input":{"@type":"PropertyValueSpecification","valueRequired":true,"valueName":"search_term_string"}}],"inLanguage":"es"},{"@type":"Organization","@id":"https:\/\/bonuskongcasino.org\/es\/#organization","name":"Bonuskong","url":"https:\/\/bonuskongcasino.org\/es\/","logo":{"@type":"ImageObject","inLanguage":"es","@id":"https:\/\/bonuskongcasino.org\/es\/#\/schema\/logo\/image\/","url":"https:\/\/bonuskongcasino.org\/wp-content\/uploads\/2026\/01\/Bonuskong-logo.png","contentUrl":"https:\/\/bonuskongcasino.org\/wp-content\/uploads\/2026\/01\/Bonuskong-logo.png","width":60,"height":24,"caption":"Bonuskong"},"image":{"@id":"https:\/\/bonuskongcasino.org\/es\/#\/schema\/logo\/image\/"}}]}},"_links":{"self":[{"href":"https:\/\/bonuskongcasino.org\/es\/wp-json\/wp\/v2\/pages\/1423","targetHints":{"allow":["GET"]}}],"collection":[{"href":"https:\/\/bonuskongcasino.org\/es\/wp-json\/wp\/v2\/pages"}],"about":[{"href":"https:\/\/bonuskongcasino.org\/es\/wp-json\/wp\/v2\/types\/page"}],"author":[{"embeddable":true,"href":"https:\/\/bonuskongcasino.org\/es\/wp-json\/wp\/v2\/users\/1"}],"replies":[{"embeddable":true,"href":"https:\/\/bonuskongcasino.org\/es\/wp-json\/wp\/v2\/comments?post=1423"}],"version-history":[{"count":2,"href":"https:\/\/bonuskongcasino.org\/es\/wp-json\/wp\/v2\/pages\/1423\/revisions"}],"predecessor-version":[{"id":1786,"href":"https:\/\/bonuskongcasino.org\/es\/wp-json\/wp\/v2\/pages\/1423\/revisions\/1786"}],"wp:attachment":[{"href":"https:\/\/bonuskongcasino.org\/es\/wp-json\/wp\/v2\/media?parent=1423"}],"curies":[{"name":"wp","href":"https:\/\/api.w.org\/{rel}","templated":true}]}}