{"id":1457,"date":"2026-01-21T08:41:06","date_gmt":"2026-01-21T08:41:06","guid":{"rendered":"https:\/\/bonuskongcasino.org\/login-and-registration\/"},"modified":"2026-01-21T10:34:10","modified_gmt":"2026-01-21T10:34:10","slug":"anmeldung-und-registrierung","status":"publish","type":"page","link":"https:\/\/bonuskongcasino.org\/de\/anmeldung-und-registrierung\/","title":{"rendered":"Anmeldung und Registrierung"},"content":{"rendered":"<h1>F\u00fcr Bonuskong registrieren und anmelden<\/h1>\n<p>Wenn Sie ein Bonuskong-Konto erstellen, k\u00f6nnen Sie Tausende von Spielen spielen und Sonderangebote erhalten. Sobald Sie sich mit Ihrem Bonuskong login einloggen, erhalten Sie sofortigen Zugriff auf \u00fcber 6.000 Spiele und einzigartige Funktionen, die dazu entwickelt wurden, die Gesamtqualit\u00e4t Ihres Spielerlebnisses zu steigern.<\/p>\n<p><div class=\"banner-wrap\" aria-label=\"Banner\"><img src=\"https:\/\/bonuskongcasino.org\/wp-content\/uploads\/2026\/01\/bonuskong-desktop-banner.webp\" class=\"w-100 d-none d-lg-block img-pc main-banner-img\" alt=\"bonuskong desktop banner\" fetchpriority=\"high\" decoding=\"async\"><img src=\"https:\/\/bonuskongcasino.org\/wp-content\/uploads\/2026\/01\/Bonuskong-mobile-banner.webp\" class=\"w-100 d-none d-md-block d-lg-none main-banner-img\" alt=\"Bonuskong mobile banner\" fetchpriority=\"high\" decoding=\"async\"><img src=\"https:\/\/bonuskongcasino.org\/wp-content\/uploads\/2026\/01\/Bonuskong-mobile-banner.webp\" class=\"w-100 d-md-none\" alt=\"Bonuskong mobile banner\" fetchpriority=\"high\" decoding=\"async\"><div class=\"banner-description\">\n<div class=\"banner-title\">Willkommensboni<\/div>\n<p class=\"banner-header-title\">1500 \u20ac<\/p>\n<div class=\"banner-header-AdditionalText\">+ 250 Freispiele<\/div>\n<button data-item=\"homepage_banner_link\" class=\"goto m-button m-gradient-border m-button--primary m-button--large banner-button btn-orange\">\n            <div class=\"m-button-content\">\n                <span>Jetzt anmelden<\/span>\n                <span><\/span>\n            <\/div>\n        <\/button>\n<\/div>\n<div class=\"WelcomePack\">\n<p><img loading=\"lazy\" decoding=\"async\" class=\"alignnone size-full wp-image-1386\" src=\"https:\/\/bonuskongcasino.org\/wp-content\/uploads\/2026\/01\/welcome-crown.png\" alt=\"welcome crown\" width=\"25\" height=\"26\" \/><\/p>\n<div class=\"WelcomePack-Info\">W\u00f6chentlicher Cashback von bis zu 25 %<\/div>\n<p><img loading=\"lazy\" decoding=\"async\" class=\"alignnone size-full wp-image-1386\" src=\"https:\/\/bonuskongcasino.org\/wp-content\/uploads\/2026\/01\/welcome-crown.png\" alt=\"welcome crown\" width=\"25\" height=\"26\" \/><\/p>\n<\/div>\n<\/div><div class=\"scrollable-content-wrap my-5\"><div class=\"scrollable-content-inner\"><h2>So melden Sie sich an und verwalten Ihr Profil<\/h2>\n<p>Ihr Bonuskong-Konto ist leicht zug\u00e4nglich.<\/p>\n<ol>\n<li>Rufen Sie die Bonuskong-Website auf und klicken Sie auf die Schaltfl\u00e4che \u201eAnmelden\u201c in der oberen rechten Ecke.<\/li>\n<li>Geben Sie Ihre registrierte E-Mail-Adresse und Ihr Passwort ein. Klicken Sie dann auf \u201eAbsenden\u201c, um zu Ihrem Kontobereich zu gelangen.<\/li>\n<\/ol>\n<p>Sie k\u00f6nnen Ihre pers\u00f6nlichen Informationen \u00e4ndern, Ihren Kontostand pr\u00fcfen, Ihren Transaktionsverlauf einsehen und w\u00e4hlen, wie Sie mit Ihrem Konto bezahlen m\u00f6chten. Der Kontobereich zeigt auch Ihre aktuellen Boni, wie viel Sie gesetzt haben und was Sie k\u00fcrzlich gespielt haben.<\/p>\n<table>\n<tbody>\n<tr>\n<td>Funktion<\/td>\n<td>Beschreibung<\/td>\n<\/tr>\n<tr>\n<td>Kontostand-\u00dcbersicht<\/td>\n<td>Sie k\u00f6nnen Ihre verf\u00fcgbaren Mittel und Ihr Bonussaldo jederzeit einsehen.<\/td>\n<\/tr>\n<tr>\n<td>Transaktionsverlauf<\/td>\n<td>Vollst\u00e4ndige Aufzeichnung aller Einzahlungen, Auszahlungen und gespielten Spiele.<\/td>\n<\/tr>\n<tr>\n<td>Pers\u00f6nliche Einstellungen<\/td>\n<td>\u00c4ndern Sie Ihr Passwort, Kontaktdaten und wie Sie kontaktiert werden m\u00f6chten.<\/td>\n<\/tr>\n<tr>\n<td>Bonus-Tracker<\/td>\n<td>Pr\u00fcfen Sie regelm\u00e4\u00dfig aktive Promotionen und Umsatzbedingungen.<\/td>\n<\/tr>\n<\/tbody>\n<\/table>\n<h3>Nutzen Sie verantwortungsvolle Tools<\/h3>\n<p>Das Bonuskong Casino bietet Tools f\u00fcr verantwortungsvolles Spielen in Ihren Kontoeinstellungen. Begrenzen Sie Ihre Einzahlungen pro Tag, Woche oder Monat, um Ihre Ausgaben im Blick zu behalten. Aktivieren Sie Sitzungszeit-Erinnerungen, um zu wissen, wie lange Sie gespielt haben. Realit\u00e4tschecks helfen Ihnen, Ihre Spielsitzungen durch Festlegung der H\u00e4ufigkeit zu verfolgen.<\/p>\n<p>Wenn Sie eine Pause ben\u00f6tigen, k\u00f6nnen Sie sich selbst ausschlie\u00dfen. Ihr Konto wird f\u00fcr einen Zeitraum von 24 Stunden bis zu mehreren Monaten vor\u00fcbergehend eingeschr\u00e4nkt. Sie k\u00f6nnen auch Limits festlegen, wie viel Sie verlieren und wie viel Sie setzen k\u00f6nnen, um sicherzustellen, dass Ihr Spielen sicher bleibt.<\/p>\n<h3>Anmeldedaten vergessen?<\/h3>\n<p>Um Ihr Passwort wiederherzustellen, gehen Sie zur Anmeldeseite und klicken Sie auf den Link \u201ePasswort vergessen\u201c. Geben Sie Ihre bei der Registrierung verwendete E-Mail-Adresse ein und pr\u00fcfen Sie Ihren Posteingang auf einen Link zum Zur\u00fccksetzen Ihres Passworts. Befolgen Sie die Anweisungen in der E-Mail, um Ihr Passwort zur\u00fcckzusetzen.<\/p>\n<p>Wenn Sie Ihre E-Mail-Adresse vergessen haben, wenden Sie sich bitte per Live-Chat oder E-Mail an den Kundenservice. Bitte geben Sie Ihren vollst\u00e4ndigen Namen, Ihr Geburtsdatum und Ihre bei der Registrierung hinterlegte Telefonnummer an. Das Kundensupport-Team wird Ihre Identit\u00e4t \u00fcberpr\u00fcfen und Ihnen bei der Anmeldung helfen.<\/p>\n<h2>So schlie\u00dfen Sie die Konto\u00fcberpr\u00fcfung ab<\/h2>\n<p>Die \u00dcberpr\u00fcfung Ihres Kontos sch\u00fctzt Sie und gew\u00e4hrt Ihnen vollen Zugang zu allen Funktionen der Plattform. Normalerweise beginnt der Verifizierungsprozess nach Ihrer ersten Einzahlung oder Ihrer ersten Auszahlungsanfrage. Sie erhalten eine E-Mail mit Anweisungen und einem Link zum Hochladen Ihrer Dokumente.<\/p>\n<p>Besorgen Sie sich ein klares Foto oder einen Scan Ihres amtlichen Ausweisdokuments, wie Ihren F\u00fchrerschein oder Reisepass. Sie ben\u00f6tigen au\u00dferdem einen Adressnachweis der letzten drei Monate, wie einen Kontoauszug oder eine Stromrechnung. In einigen F\u00e4llen m\u00fcssen Sie m\u00f6glicherweise ein Foto Ihrer Zahlungskarte mit den ersten sechs und den letzten vier sichtbaren Ziffern senden, wobei die mittleren Zahlen abgedeckt sein m\u00fcssen.<\/p>\n<p>Sie k\u00f6nnen diese Dateien \u00fcber das sichere Verifizierungsportal in den Einstellungen Ihres Kontos hochladen. Das Team von Bonuskong pr\u00fcft die Einsendungen innerhalb von 24 bis 48 Stunden. Sie erhalten eine E-Mail, die Ihnen mitteilt, dass der Verifizierungsprozess abgeschlossen ist. Stellen Sie sicher, dass Sie alle Ihre Unterlagen bereit haben, bevor Sie Ihre erste Auszahlung beantragen, damit Sie nicht warten m\u00fcssen.<\/p>\n<h2>Registrierung bei Bonus Kong<\/h2>\n<p>Die Registrierung dauert nur wenige Minuten und erfordert lediglich die Angabe grundlegender Informationen. Kontoinhaber erhalten personalisierte Boni, schnellere Ein- und Auszahlungen sowie mehrsprachigen Support.<\/p>\n<p>Ihre Daten sind w\u00e4hrend des Registrierungsprozesses sicher, da HTTPS und 256-Bit-SSL-Verschl\u00fcsselung verwendet werden. Bonuskong h\u00e4lt sich an die DSGVO-Vorschriften und hat strenge Datenschutzregeln. Ihre Informationen bleiben w\u00e4hrend und nach der Registrierung privat und sicher.<\/p>\n<h3>So richten Sie Ihr Konto ein<\/h3>\n<p>Um den Registrierungsprozess zu starten, gehen Sie zur Startseite des Bonuskong Casinos und klicken Sie auf die Schaltfl\u00e4che \u201eRegistrieren\u201c. Der erste Bildschirm fordert Ihre E-Mail-Adresse, ein sicheres Passwort und eine Best\u00e4tigung an, dass Sie den Allgemeinen Gesch\u00e4ftsbedingungen zustimmen. W\u00e4hlen Sie ein starkes Passwort, das Gro\u00df- und Kleinbuchstaben, Zahlen und Sonderzeichen enth\u00e4lt. Um zum n\u00e4chsten Schritt zu gelangen, klicken Sie auf die Schaltfl\u00e4che \u201eRegistrieren\u201c.<\/p>\n<p>Es erscheint ein zweites Fenster, das weitere Informationen abfragt. Bitte f\u00fcllen Sie Ihren Vornamen, Nachnamen, Ihr Geburtsdatum und Ihre Telefonnummer mit Landesvorwahl aus. Spieler m\u00fcssen mindestens 18 Jahre alt sein, um bei Bonus Kong zu spielen, und dieser Schritt \u00fcberpr\u00fcft ihr Alter. Stellen Sie sicher, dass alle Informationen korrekt sind, da sie mit den Dokumenten \u00fcbereinstimmen m\u00fcssen, die Sie zur Verifizierung verwenden. Klicken Sie zum Abschluss der Registrierung auf \u201eSpeichern\u201c.<\/p>\n<p>Sie erhalten zur Best\u00e4tigung eine E-Mail an die von Ihnen angegebene Adresse. Um Ihr Konto zu aktivieren, klicken Sie auf den Link in der E-Mail mit der Aufschrift \u201everifizieren\u201c. Melden Sie sich mit Ihrem Benutzernamen und Passwort an, um die Willkommensangebote f\u00fcr neue Spieler zu sehen. Um mit dem Spielen zu beginnen und eventuelle Registrierungsboni zu erhalten, t\u00e4tigen Sie Ihre erste Einzahlung.<\/p>\n<h2>FAQ<\/h2>\n<h3>Wie lange dauert die \u00dcberpr\u00fcfung meines Kontos?<\/h3>\n<p>Nachdem Sie alle erforderlichen Unterlagen eingereicht haben, dauert die \u00dcberpr\u00fcfung Ihrer Informationen in der Regel 24 bis 48 Stunden. Der Prozess kann w\u00e4hrend der Gesch\u00e4ftszeiten an Wochentagen schneller ablaufen. Sie k\u00f6nnen w\u00e4hrend der \u00dcberpr\u00fcfung weiter spielen, aber Sie k\u00f6nnen erst eine Auszahlung beantragen, wenn die Verifizierung abgeschlossen ist.<\/p>\n<h3>Kann ich meine E-Mail-Adresse nach der Registrierung \u00e4ndern?<\/h3>\n<p>Sie k\u00f6nnen Ihre E-Mail-Adresse im Men\u00fc der Kontoeinstellungen \u00e4ndern. Aus Sicherheitsgr\u00fcnden wenden Sie sich bitte zur Best\u00e4tigung der \u00c4nderung an den Kundenservice. Sie k\u00f6nnen die neue E-Mail-Adresse nicht mit einem anderen Bonuskong-Konto verwenden.<\/p>\n<h3>Was passiert, wenn ich w\u00e4hrend der Registrierung falsche Angaben mache?<\/h3>\n<p>Kontaktieren Sie den Kundenservice sofort, wenn Sie Fehler in Ihren Registrierungsdaten bemerken. Genaue Informationen sind f\u00fcr die Konto\u00fcberpr\u00fcfung und Auszahlungen erforderlich. Das Support-Personal steht per Live-Chat zur Verf\u00fcgung, um Ihnen bei der Korrektur von Fehlern zu helfen, bevor Sie Ihre Dokumente f\u00fcr den Verifizierungsprozess einreichen.<\/p>\n<h3>Ist die Zwei-Faktor-Authentifizierung Pflicht?<\/h3>\n<p>Die Zwei-Faktor-Authentifizierung ist nicht verpflichtend, wird jedoch dringend f\u00fcr eine bessere Kontosicherheit empfohlen. Aktivieren Sie die Zwei-Faktor-Authentifizierung (2FA) in Ihren Kontoeinstellungen, um sie noch sicherer zu machen. Bei jeder Anmeldung m\u00fcssen Sie einen Code von Ihrem Telefon eingeben.<\/p>\n<\/div><\/div><\/p>\n","protected":false},"excerpt":{"rendered":"<p>F\u00fcr Bonuskong registrieren und anmelden Wenn Sie ein Bonuskong-Konto erstellen, k\u00f6nnen Sie Tausende von Spielen spielen und Sonderangebote erhalten. Sobald Sie sich mit Ihrem Bonuskong login einloggen, erhalten Sie sofortigen Zugriff auf \u00fcber 6.000 Spiele und einzigartige Funktionen, die dazu entwickelt wurden, die Gesamtqualit\u00e4t Ihres Spielerlebnisses zu steigern.<\/p>\n","protected":false},"author":1,"featured_media":0,"parent":0,"menu_order":0,"comment_status":"closed","ping_status":"closed","template":"template-builder.php","meta":{"_acf_changed":false,"inline_featured_image":false,"footnotes":""},"class_list":["post-1457","page","type-page","status-publish","hentry"],"acf":[],"yoast_head":"<!-- This site is optimized with the Yoast SEO plugin v27.3 - https:\/\/yoast.com\/product\/yoast-seo-wordpress\/ -->\n<title>Bonuskong Loging und Kontoregistrierung<\/title>\n<meta name=\"description\" content=\"Mit Ihrem Bonus Kong Login erhalten Sie sofortigen Zugriff auf Tausende von Spielen und Ihr pers\u00f6nliches Dashboard. Pr\u00fcfen Sie Ihre Guthaben, verfolgen Sie Ihre Boni und lassen Sie sich verifizieren. Registrieren Sie sich jetzt oder loggen Sie sich jederzeit ein.\" \/>\n<meta name=\"robots\" content=\"index, follow, max-snippet:-1, max-image-preview:large, max-video-preview:-1\" \/>\n<link rel=\"canonical\" href=\"https:\/\/bonuskongcasino.org\/de\/anmeldung-und-registrierung\/\" \/>\n<meta property=\"og:locale\" content=\"de_DE\" \/>\n<meta property=\"og:type\" content=\"article\" \/>\n<meta property=\"og:title\" content=\"Bonuskong Loging und Kontoregistrierung\" \/>\n<meta property=\"og:description\" content=\"Mit Ihrem Bonus Kong Login erhalten Sie sofortigen Zugriff auf Tausende von Spielen und Ihr pers\u00f6nliches Dashboard. Pr\u00fcfen Sie Ihre Guthaben, verfolgen Sie Ihre Boni und lassen Sie sich verifizieren. Registrieren Sie sich jetzt oder loggen Sie sich jederzeit ein.\" \/>\n<meta property=\"og:url\" content=\"https:\/\/bonuskongcasino.org\/de\/anmeldung-und-registrierung\/\" \/>\n<meta property=\"og:site_name\" content=\"bonuskong\" \/>\n<meta property=\"article:modified_time\" content=\"2026-01-21T10:34:10+00:00\" \/>\n<meta name=\"twitter:card\" content=\"summary_large_image\" \/>\n<meta name=\"twitter:label1\" content=\"Gesch\u00e4tzte Lesezeit\" \/>\n\t<meta name=\"twitter:data1\" content=\"1\u00a0Minute\" \/>\n<script type=\"application\/ld+json\" class=\"yoast-schema-graph\">{\"@context\":\"https:\\\/\\\/schema.org\",\"@graph\":[{\"@type\":\"WebPage\",\"@id\":\"https:\\\/\\\/bonuskongcasino.org\\\/de\\\/anmeldung-und-registrierung\\\/\",\"url\":\"https:\\\/\\\/bonuskongcasino.org\\\/de\\\/anmeldung-und-registrierung\\\/\",\"name\":\"Bonuskong Loging und Kontoregistrierung\",\"isPartOf\":{\"@id\":\"https:\\\/\\\/bonuskongcasino.org\\\/de\\\/#website\"},\"datePublished\":\"2026-01-21T08:41:06+00:00\",\"dateModified\":\"2026-01-21T10:34:10+00:00\",\"description\":\"Mit Ihrem Bonus Kong Login erhalten Sie sofortigen Zugriff auf Tausende von Spielen und Ihr pers\u00f6nliches Dashboard. Pr\u00fcfen Sie Ihre Guthaben, verfolgen Sie Ihre Boni und lassen Sie sich verifizieren. Registrieren Sie sich jetzt oder loggen Sie sich jederzeit ein.\",\"breadcrumb\":{\"@id\":\"https:\\\/\\\/bonuskongcasino.org\\\/de\\\/anmeldung-und-registrierung\\\/#breadcrumb\"},\"inLanguage\":\"de\",\"potentialAction\":[{\"@type\":\"ReadAction\",\"target\":[\"https:\\\/\\\/bonuskongcasino.org\\\/de\\\/anmeldung-und-registrierung\\\/\"]}]},{\"@type\":\"BreadcrumbList\",\"@id\":\"https:\\\/\\\/bonuskongcasino.org\\\/de\\\/anmeldung-und-registrierung\\\/#breadcrumb\",\"itemListElement\":[{\"@type\":\"ListItem\",\"position\":1,\"name\":\"Bonuskong\",\"item\":\"https:\\\/\\\/bonuskongcasino.org\\\/de\\\/\"},{\"@type\":\"ListItem\",\"position\":2,\"name\":\"Anmeldung und Registrierung\"}]},{\"@type\":\"WebSite\",\"@id\":\"https:\\\/\\\/bonuskongcasino.org\\\/de\\\/#website\",\"url\":\"https:\\\/\\\/bonuskongcasino.org\\\/de\\\/\",\"name\":\"Bonuskong\",\"description\":\"\",\"publisher\":{\"@id\":\"https:\\\/\\\/bonuskongcasino.org\\\/de\\\/#organization\"},\"potentialAction\":[{\"@type\":\"SearchAction\",\"target\":{\"@type\":\"EntryPoint\",\"urlTemplate\":\"https:\\\/\\\/bonuskongcasino.org\\\/de\\\/?s={search_term_string}\"},\"query-input\":{\"@type\":\"PropertyValueSpecification\",\"valueRequired\":true,\"valueName\":\"search_term_string\"}}],\"inLanguage\":\"de\"},{\"@type\":\"Organization\",\"@id\":\"https:\\\/\\\/bonuskongcasino.org\\\/de\\\/#organization\",\"name\":\"Bonuskong\",\"url\":\"https:\\\/\\\/bonuskongcasino.org\\\/de\\\/\",\"logo\":{\"@type\":\"ImageObject\",\"inLanguage\":\"de\",\"@id\":\"https:\\\/\\\/bonuskongcasino.org\\\/de\\\/#\\\/schema\\\/logo\\\/image\\\/\",\"url\":\"https:\\\/\\\/bonuskongcasino.org\\\/wp-content\\\/uploads\\\/2026\\\/01\\\/Bonuskong-logo.png\",\"contentUrl\":\"https:\\\/\\\/bonuskongcasino.org\\\/wp-content\\\/uploads\\\/2026\\\/01\\\/Bonuskong-logo.png\",\"width\":60,\"height\":24,\"caption\":\"Bonuskong\"},\"image\":{\"@id\":\"https:\\\/\\\/bonuskongcasino.org\\\/de\\\/#\\\/schema\\\/logo\\\/image\\\/\"}}]}<\/script>\n<!-- \/ Yoast SEO plugin. -->","yoast_head_json":{"title":"Bonuskong Loging und Kontoregistrierung","description":"Mit Ihrem Bonus Kong Login erhalten Sie sofortigen Zugriff auf Tausende von Spielen und Ihr pers\u00f6nliches Dashboard. Pr\u00fcfen Sie Ihre Guthaben, verfolgen Sie Ihre Boni und lassen Sie sich verifizieren. Registrieren Sie sich jetzt oder loggen Sie sich jederzeit ein.","robots":{"index":"index","follow":"follow","max-snippet":"max-snippet:-1","max-image-preview":"max-image-preview:large","max-video-preview":"max-video-preview:-1"},"canonical":"https:\/\/bonuskongcasino.org\/de\/anmeldung-und-registrierung\/","og_locale":"de_DE","og_type":"article","og_title":"Bonuskong Loging und Kontoregistrierung","og_description":"Mit Ihrem Bonus Kong Login erhalten Sie sofortigen Zugriff auf Tausende von Spielen und Ihr pers\u00f6nliches Dashboard. Pr\u00fcfen Sie Ihre Guthaben, verfolgen Sie Ihre Boni und lassen Sie sich verifizieren. Registrieren Sie sich jetzt oder loggen Sie sich jederzeit ein.","og_url":"https:\/\/bonuskongcasino.org\/de\/anmeldung-und-registrierung\/","og_site_name":"bonuskong","article_modified_time":"2026-01-21T10:34:10+00:00","twitter_card":"summary_large_image","twitter_misc":{"Gesch\u00e4tzte Lesezeit":"1\u00a0Minute"},"schema":{"@context":"https:\/\/schema.org","@graph":[{"@type":"WebPage","@id":"https:\/\/bonuskongcasino.org\/de\/anmeldung-und-registrierung\/","url":"https:\/\/bonuskongcasino.org\/de\/anmeldung-und-registrierung\/","name":"Bonuskong Loging und Kontoregistrierung","isPartOf":{"@id":"https:\/\/bonuskongcasino.org\/de\/#website"},"datePublished":"2026-01-21T08:41:06+00:00","dateModified":"2026-01-21T10:34:10+00:00","description":"Mit Ihrem Bonus Kong Login erhalten Sie sofortigen Zugriff auf Tausende von Spielen und Ihr pers\u00f6nliches Dashboard. Pr\u00fcfen Sie Ihre Guthaben, verfolgen Sie Ihre Boni und lassen Sie sich verifizieren. Registrieren Sie sich jetzt oder loggen Sie sich jederzeit ein.","breadcrumb":{"@id":"https:\/\/bonuskongcasino.org\/de\/anmeldung-und-registrierung\/#breadcrumb"},"inLanguage":"de","potentialAction":[{"@type":"ReadAction","target":["https:\/\/bonuskongcasino.org\/de\/anmeldung-und-registrierung\/"]}]},{"@type":"BreadcrumbList","@id":"https:\/\/bonuskongcasino.org\/de\/anmeldung-und-registrierung\/#breadcrumb","itemListElement":[{"@type":"ListItem","position":1,"name":"Bonuskong","item":"https:\/\/bonuskongcasino.org\/de\/"},{"@type":"ListItem","position":2,"name":"Anmeldung und Registrierung"}]},{"@type":"WebSite","@id":"https:\/\/bonuskongcasino.org\/de\/#website","url":"https:\/\/bonuskongcasino.org\/de\/","name":"Bonuskong","description":"","publisher":{"@id":"https:\/\/bonuskongcasino.org\/de\/#organization"},"potentialAction":[{"@type":"SearchAction","target":{"@type":"EntryPoint","urlTemplate":"https:\/\/bonuskongcasino.org\/de\/?s={search_term_string}"},"query-input":{"@type":"PropertyValueSpecification","valueRequired":true,"valueName":"search_term_string"}}],"inLanguage":"de"},{"@type":"Organization","@id":"https:\/\/bonuskongcasino.org\/de\/#organization","name":"Bonuskong","url":"https:\/\/bonuskongcasino.org\/de\/","logo":{"@type":"ImageObject","inLanguage":"de","@id":"https:\/\/bonuskongcasino.org\/de\/#\/schema\/logo\/image\/","url":"https:\/\/bonuskongcasino.org\/wp-content\/uploads\/2026\/01\/Bonuskong-logo.png","contentUrl":"https:\/\/bonuskongcasino.org\/wp-content\/uploads\/2026\/01\/Bonuskong-logo.png","width":60,"height":24,"caption":"Bonuskong"},"image":{"@id":"https:\/\/bonuskongcasino.org\/de\/#\/schema\/logo\/image\/"}}]}},"_links":{"self":[{"href":"https:\/\/bonuskongcasino.org\/de\/wp-json\/wp\/v2\/pages\/1457","targetHints":{"allow":["GET"]}}],"collection":[{"href":"https:\/\/bonuskongcasino.org\/de\/wp-json\/wp\/v2\/pages"}],"about":[{"href":"https:\/\/bonuskongcasino.org\/de\/wp-json\/wp\/v2\/types\/page"}],"author":[{"embeddable":true,"href":"https:\/\/bonuskongcasino.org\/de\/wp-json\/wp\/v2\/users\/1"}],"replies":[{"embeddable":true,"href":"https:\/\/bonuskongcasino.org\/de\/wp-json\/wp\/v2\/comments?post=1457"}],"version-history":[{"count":1,"href":"https:\/\/bonuskongcasino.org\/de\/wp-json\/wp\/v2\/pages\/1457\/revisions"}],"predecessor-version":[{"id":1608,"href":"https:\/\/bonuskongcasino.org\/de\/wp-json\/wp\/v2\/pages\/1457\/revisions\/1608"}],"wp:attachment":[{"href":"https:\/\/bonuskongcasino.org\/de\/wp-json\/wp\/v2\/media?parent=1457"}],"curies":[{"name":"wp","href":"https:\/\/api.w.org\/{rel}","templated":true}]}}