{"id":1416,"date":"2026-01-21T08:39:31","date_gmt":"2026-01-21T08:39:31","guid":{"rendered":"https:\/\/bonuskongcasino.org\/app-2\/"},"modified":"2026-01-21T10:33:04","modified_gmt":"2026-01-21T10:33:04","slug":"app","status":"publish","type":"page","link":"https:\/\/bonuskongcasino.org\/de\/app\/","title":{"rendered":"App"},"content":{"rendered":"<h1>Bonuskong Mobile App<\/h1>\n<p>Die Bonuskong App macht es einfach, Ihre Lieblings-Casinospiele auf Ihrem Telefon oder Tablet zu spielen, egal wo Sie sind. Diese Progressive Web App erm\u00f6glicht es Ihnen, Spiele auf Ihrem Handy oder Tablet zu spielen, verf\u00fcgt aber \u00fcber alle Funktionen einer Desktop-Plattform. Spieler k\u00f6nnen schnell auf Boni zugreifen und auf der Seite navigieren, ohne gro\u00dfe Dateien herunterladen oder Speicherplatz auf ihren Ger\u00e4ten belegen zu m\u00fcssen.<\/p>\n<div class=\"banner-wrap\" aria-label=\"Banner\"><img src=\"https:\/\/bonuskongcasino.org\/wp-content\/uploads\/2026\/01\/bonuskong-desktop-banner.webp\" class=\"w-100 d-none d-lg-block img-pc main-banner-img\" alt=\"bonuskong desktop banner\" fetchpriority=\"high\" decoding=\"async\"><img src=\"https:\/\/bonuskongcasino.org\/wp-content\/uploads\/2026\/01\/Bonuskong-mobile-banner.webp\" class=\"w-100 d-none d-md-block d-lg-none main-banner-img\" alt=\"Bonuskong mobile banner\" fetchpriority=\"high\" decoding=\"async\"><img src=\"https:\/\/bonuskongcasino.org\/wp-content\/uploads\/2026\/01\/Bonuskong-mobile-banner.webp\" class=\"w-100 d-md-none\" alt=\"Bonuskong mobile banner\" fetchpriority=\"high\" decoding=\"async\"><div class=\"banner-description\">\n<div class=\"banner-title\">Willkommensboni<\/div>\n<p class=\"banner-header-title\">1500 \u20ac<\/p>\n<div class=\"banner-header-AdditionalText\">+ 250 Freispiele<\/div>\n<button data-item=\"homepage_banner_link\" class=\"goto m-button m-gradient-border m-button--primary m-button--large banner-button btn-orange\">\n            <div class=\"m-button-content\">\n                <span>Jetzt anmelden<\/span>\n                <span><\/span>\n            <\/div>\n        <\/button>\n<\/div>\n<div class=\"WelcomePack\">\n<p><img loading=\"lazy\" decoding=\"async\" class=\"alignnone size-full wp-image-1386\" src=\"https:\/\/bonuskongcasino.org\/wp-content\/uploads\/2026\/01\/welcome-crown.png\" alt=\"welcome crown\" width=\"25\" height=\"26\" \/><\/p>\n<div class=\"WelcomePack-Info\">W\u00f6chentlicher Cashback von bis zu 25 %<\/div>\n<p><img loading=\"lazy\" decoding=\"async\" class=\"alignnone size-full wp-image-1386\" src=\"https:\/\/bonuskongcasino.org\/wp-content\/uploads\/2026\/01\/welcome-crown.png\" alt=\"welcome crown\" width=\"25\" height=\"26\" \/><\/p>\n<\/div>\n<\/div>\n<h2>Vorteile der Bonuskong App<\/h2>\n<p>Die mobile Bonuskong App verf\u00fcgt \u00fcber viele einzigartige Funktionen, die das Spielerlebnis verbessern. Die App funktioniert einwandfrei auf iOS- und Android-Ger\u00e4ten, sodass Sie sie auf jeder gew\u00fcnschten Plattform nutzen k\u00f6nnen.<\/p>\n<table>\n<tbody>\n<tr>\n<td>Funktion<\/td>\n<td>Mobile App<\/td>\n<td>Desktop-Version<\/td>\n<\/tr>\n<tr>\n<td>Sofortiger Zugriff<\/td>\n<td>Start \u00fcber Startbildschirm-Icon<\/td>\n<td>Erfordert Browser-Navigation<\/td>\n<\/tr>\n<tr>\n<td>Ben\u00f6tigter Speicher<\/td>\n<td>Minimal (PWA-Technologie)<\/td>\n<td>Nur Browser-Cache<\/td>\n<\/tr>\n<tr>\n<td>Push-Benachrichtigungen<\/td>\n<td>Verf\u00fcgbar f\u00fcr Boni und Updates<\/td>\n<td>Eingeschr\u00e4nkte Browser-Benachrichtigungen<\/td>\n<\/tr>\n<tr>\n<td>Touch-Optimierung<\/td>\n<td>Native Touch-Steuerung<\/td>\n<td>Nur Maus und Tastatur<\/td>\n<\/tr>\n<\/tbody>\n<\/table>\n<p>Die mobile Oberfl\u00e4che funktioniert perfekt auf kleineren Bildschirmen, ohne die Qualit\u00e4t oder Funktionalit\u00e4t der Spiele zu beeintr\u00e4chtigen. Touch-optimierte Steuerungen erleichtern das Drehen der Online-Slots und das Platzieren von Eins\u00e4tzen im Vergleich zur Verwendung einer Maus.<\/p>\n<p>Dies ist eine hilfreiche Funktion, die es Spielern erm\u00f6glicht, sofortige Benachrichtigungen \u00fcber neue Spielver\u00f6ffentlichungen, Bonusangebote und verf\u00fcgbare Promotionen zu erhalten. Da die App auf einer leichtgewichtigen PWA-Architektur basiert, aktualisiert sie sich automatisch, ohne dass Sie etwas tun m\u00fcssen. So erhalten Sie stets die neuesten Funktionen und eine bessere Sicherheit.<\/p>\n<p><div class=\"scrollable-content-wrap my-5\"><div class=\"scrollable-content-inner\"><h2>Bonuskong-Anwendung f\u00fcr PC oder Mac<\/h2>\n<p>PC-Nutzer k\u00f6nnen Bonus Kong in jedem modernen Webbrowser spielen und ben\u00f6tigen daher keine zus\u00e4tzliche Software. Chrome, Safari, Firefox und Edge sind die Browser, die am besten mit der Plattform funktionieren. Sie funktioniert auf allen Betriebssystemen gleich.<\/p>\n<p>Starten Sie Ihren Lieblings-Webbrowser und rufen Sie die Bonuskong-Website auf. Egal, ob Sie einen Laptop, einen Desktop-Monitor oder einen Breitbildschirm verwenden \u2013 das responsive Design passt sich Ihrer Bildschirmgr\u00f6\u00dfe an.<\/p>\n<p>Die Desktop-Version des Spiels ist besser f\u00fcr Personen geeignet, die gr\u00f6\u00dfere Bildschirme und traditionellere Steuerungsm\u00f6glichkeiten bevorzugen. Es ist einfacher, mehrere Eins\u00e4tze im Blick zu behalten oder Live-Dealer-Tische zu verfolgen, wenn der Viewport gr\u00f6\u00dfer ist, da er mehr Spielinformationen gleichzeitig anzeigt. Ein Touchscreen bietet nicht alle Steuerungsoptionen, die Tastaturk\u00fcrzel oder eine pr\u00e4zise Maus bieten.<\/p>\n<p>Wenn Sie lange auf einem Mac spielen, sind die energieeffizienten Funktionen von Safari hilfreich, da sie die Akkulaufzeit verl\u00e4ngern. Windows-PC-Nutzer k\u00f6nnen mit der Hardwarebeschleunigung von Chrome fl\u00fcssigere Grafiken in Slot-Spielen erzielen, die hohe visuelle Leistung erfordern.<\/p>\n<p><img loading=\"lazy\" decoding=\"async\" src=\"https:\/\/bonuskongcasino.org\/wp-content\/uploads\/2026\/01\/Bonuskong-Desktop.webp\" alt=\"Bonuskong Desktop\" width=\"1248\" height=\"536\" \/><\/p>\n<\/div><\/div><div style=\"clear: both\"><\/div><div class=\"d-flex justify-content-center\"><button data-item=\"decouvrez_link\" data-group=\"website_links\" class=\"goto fw-bold rounded-pill btn btn-orange\" aria-label=\"Laden Sie die Bonuskong-App herunter\" >Laden Sie die Bonuskong-App herunter<\/button><\/div><div class=\"scrollable-content-wrap my-5\"><div class=\"scrollable-content-inner\"><h2>So spielen Sie Bonus Kong auf iPhone und iPad<\/h2>\n<p>iOS-Nutzer k\u00f6nnen \u00fcber eine Website-Verkn\u00fcpfung auf das Bonuskong Casino zugreifen, die wie eine App auf ihrem Telefon funktioniert. Diese Methode erm\u00f6glicht es Ihnen, alle Funktionen der App zu nutzen, ohne etwas aus dem App Store herunterladen oder etwas iOS-spezifisches installieren zu m\u00fcssen.<\/p>\n<h3>Schritt-f\u00fcr-Schritt iOS-App-Installation<\/h3>\n<p>Safari verf\u00fcgt \u00fcber Werkzeuge, mit denen sich Bonuskong einfach zum Startbildschirm Ihres iPhones oder iPads hinzuf\u00fcgen l\u00e4sst. Es dauert weniger als eine Minute. Dadurch wird ein Icon erstellt, das die Plattform im Vollbildmodus \u00f6ffnet und Browser-Symbolleisten f\u00fcr ein immersiveres Spielerlebnis ausblendet.<\/p>\n<ol>\n<li>Starten Sie Safari auf Ihrem iOS-Ger\u00e4t und rufen Sie die Bonuskong-Seite auf.<\/li>\n<li>Tippen Sie unten in der Mitte auf \u201eTeilen\u201c. Nach dem Antippen des iOS-Teilmen\u00fcs erscheinen viele Optionen.<\/li>\n<li>Scrollen Sie im Men\u00fc nach unten, bis Sie \u201eZum Home-Bildschirm\u201c finden.<\/li>\n<li>\u00c4ndern Sie den Namen der Verkn\u00fcpfung und tippen Sie oben rechts auf \u201eHinzuf\u00fcgen\u201c. Ihr Startbildschirm zeigt das Bonuskong-Icon neben Ihren anderen Apps an, sodass Sie mit einem Tipp einfach auf die Plattform zugreifen k\u00f6nnen.<\/li>\n<\/ol>\n<p>Die Verkn\u00fcpfung \u00f6ffnet die vollst\u00e4ndige Gaming-Plattform in einem f\u00fcr iOS optimierten Fenster. Wenn Sie Probleme bei der Installation der App oder beim Abschluss des Verifizierungsprozesses haben, k\u00f6nnen Sie sich gerne \u00fcber Live-Chat oder E-Mail an unser Support-Team wenden.<\/p>\n<p><img loading=\"lazy\" decoding=\"async\" src=\"https:\/\/bonuskongcasino.org\/wp-content\/uploads\/2026\/01\/Bonuskong-iOS.webp\" alt=\"Bonuskong iOS\" width=\"1248\" height=\"536\" \/><\/p>\n<\/div><\/div><div style=\"clear: both\"><\/div><div class=\"d-flex justify-content-center\"><button data-item=\"decouvrez_link\" data-group=\"website_links\" class=\"goto fw-bold rounded-pill btn btn-orange\" aria-label=\"Bonuskong herunterladen\" >Bonuskong herunterladen<\/button><\/div><div class=\"scrollable-content-wrap my-5\"><div class=\"scrollable-content-inner\"><h2>Herunterladen und Verwenden der App auf Android<\/h2>\n<p>Android-Nutzer k\u00f6nnen Chrome verwenden, um eine Verkn\u00fcpfung zu Bonuskong auf ihrem Startbildschirm zu erstellen. Diese Progressive-Web-App-Methode umgeht Drittanbieter-App-Stores, beh\u00e4lt aber alle Funktionen bei.<\/p>\n<ol>\n<li>\u00d6ffnen Sie den Chrome-Browser und rufen Sie die Bonuskong-Website auf.<\/li>\n<li>Tippen Sie in der oberen rechten Ecke des Browsers auf das Men\u00fcsymbol \u201eMehr\u201c, das wie drei vertikale Punkte aussieht.<\/li>\n<li>W\u00e4hlen Sie \u201eZum Startbildschirm hinzuf\u00fcgen\u201c. Chrome schl\u00e4gt einen Namen f\u00fcr die Verkn\u00fcpfung vor, den Sie vor der Best\u00e4tigung nach Belieben \u00e4ndern k\u00f6nnen.<\/li>\n<li>Tippen Sie zum Abschluss auf \u201eHinzuf\u00fcgen\u201c. Das Bonuskong-Icon erscheint auf Ihrem Startbildschirm oder in Ihrer App-Schublade.<\/li>\n<\/ol>\n<p><img loading=\"lazy\" decoding=\"async\" src=\"https:\/\/bonuskongcasino.org\/wp-content\/uploads\/2026\/01\/Bonuskong-Android.webp\" alt=\"Bonuskong Android\" width=\"1248\" height=\"536\" \/><\/p>\n<\/div><\/div><div style=\"clear: both\"><\/div><div class=\"d-flex justify-content-center\"><button data-item=\"decouvrez_link\" data-group=\"website_links\" class=\"goto fw-bold rounded-pill btn btn-orange\" aria-label=\"Laden Sie die Bonuskong-App herunter\" >Laden Sie die Bonuskong-App herunter<\/button><\/div><div class=\"scrollable-content-wrap my-5\"><div class=\"scrollable-content-inner\"><h2>FAQ<\/h2>\n<h3>Ben\u00f6tigt die Bonuskong App einen gro\u00dfen Download?<\/h3>\n<p>Nein, Bonuskong ben\u00f6tigt nicht viel Speicherplatz, da Progressive-Web-App-Technologie verwendet wird. Sie k\u00f6nnen die App \u00fcber Ihren Browser als Verkn\u00fcpfung auf Ihrem Startbildschirm installieren. Sie belegt normalerweise weniger als 5 MB Speicherplatz auf Ihrem Ger\u00e4t. Sie m\u00fcssen keinen Platz f\u00fcr Fotos, Videos oder andere Apps opfern.<\/p>\n<h3>Kann ich \u00fcber die mobile App auf alle Spiele zugreifen?<\/h3>\n<p>Ja, das Mobile Casino bietet Zugriff auf die komplette Bonuskong-Spielbibliothek. Alle Slots, Tischspiele und Live-Dealer-Optionen, die auf dem Desktop verf\u00fcgbar sind, funktionieren auch auf Mobilger\u00e4ten. Die Oberfl\u00e4che passt die Spielsteuerung f\u00fcr Touchscreen-Interaktion an, ohne Funktionen zu entfernen oder die Auswahl einzuschr\u00e4nken.<\/p>\n<h3>Wird die App meinen Handy-Akku schnell entleeren?<\/h3>\n<p>Die Akku-Optimierungsfunktionen von Bonuskong reduzieren den Stromverbrauch w\u00e4hrend des Spielens. Normales Slot-Spielen verbraucht etwa so viel Akku wie das Streamen von Videos. W\u00e4hrend langer Spielsitzungen verl\u00e4ngert das Reduzieren der Bildschirmhelligkeit und das Schlie\u00dfen von Hintergrund-Apps die Akkulaufzeit.<\/p>\n<\/div><\/div><\/p>\n","protected":false},"excerpt":{"rendered":"<p>Bonuskong Mobile App Die Bonuskong App macht es einfach, Ihre Lieblings-Casinospiele auf Ihrem Telefon oder Tablet zu spielen, egal wo Sie sind. Diese Progressive Web App erm\u00f6glicht es Ihnen, Spiele auf Ihrem Handy oder Tablet zu spielen, verf\u00fcgt aber \u00fcber alle Funktionen einer Desktop-Plattform. Spieler k\u00f6nnen schnell auf Boni zugreifen und auf der Seite navigieren, [&hellip;]<\/p>\n","protected":false},"author":1,"featured_media":0,"parent":0,"menu_order":0,"comment_status":"closed","ping_status":"closed","template":"template-builder.php","meta":{"_acf_changed":false,"inline_featured_image":false,"footnotes":""},"class_list":["post-1416","page","type-page","status-publish","hentry"],"acf":[],"yoast_head":"<!-- This site is optimized with the Yoast SEO plugin v27.3 - https:\/\/yoast.com\/product\/yoast-seo-wordpress\/ -->\n<title>Bonuskong Casino App f\u00fcr iOS und Android<\/title>\n<meta name=\"description\" content=\"Erleben Sie mobiles Casino-Feeling auf jedem Ger\u00e4t mit der offiziellen Bonus Kong App. Spielen Sie Spielautomaten, Tischspiele und Live-Dealer-Spiele jederzeit und \u00fcberall \u2013 mit schnellem Support und sicheren Zahlungen f\u00fcr unterwegs.\" \/>\n<meta name=\"robots\" content=\"index, follow, max-snippet:-1, max-image-preview:large, max-video-preview:-1\" \/>\n<link rel=\"canonical\" href=\"https:\/\/bonuskongcasino.org\/de\/app\/\" \/>\n<meta property=\"og:locale\" content=\"de_DE\" \/>\n<meta property=\"og:type\" content=\"article\" \/>\n<meta property=\"og:title\" content=\"Bonuskong Casino App f\u00fcr iOS und Android\" \/>\n<meta property=\"og:description\" content=\"Erleben Sie mobiles Casino-Feeling auf jedem Ger\u00e4t mit der offiziellen Bonus Kong App. Spielen Sie Spielautomaten, Tischspiele und Live-Dealer-Spiele jederzeit und \u00fcberall \u2013 mit schnellem Support und sicheren Zahlungen f\u00fcr unterwegs.\" \/>\n<meta property=\"og:url\" content=\"https:\/\/bonuskongcasino.org\/de\/app\/\" \/>\n<meta property=\"og:site_name\" content=\"bonuskong\" \/>\n<meta property=\"article:modified_time\" content=\"2026-01-21T10:33:04+00:00\" \/>\n<meta name=\"twitter:card\" content=\"summary_large_image\" \/>\n<meta name=\"twitter:label1\" content=\"Gesch\u00e4tzte Lesezeit\" \/>\n\t<meta name=\"twitter:data1\" content=\"1\u00a0Minute\" \/>\n<script type=\"application\/ld+json\" class=\"yoast-schema-graph\">{\"@context\":\"https:\\\/\\\/schema.org\",\"@graph\":[{\"@type\":\"WebPage\",\"@id\":\"https:\\\/\\\/bonuskongcasino.org\\\/de\\\/app\\\/\",\"url\":\"https:\\\/\\\/bonuskongcasino.org\\\/de\\\/app\\\/\",\"name\":\"Bonuskong Casino App f\u00fcr iOS und Android\",\"isPartOf\":{\"@id\":\"https:\\\/\\\/bonuskongcasino.org\\\/de\\\/#website\"},\"datePublished\":\"2026-01-21T08:39:31+00:00\",\"dateModified\":\"2026-01-21T10:33:04+00:00\",\"description\":\"Erleben Sie mobiles Casino-Feeling auf jedem Ger\u00e4t mit der offiziellen Bonus Kong App. Spielen Sie Spielautomaten, Tischspiele und Live-Dealer-Spiele jederzeit und \u00fcberall \u2013 mit schnellem Support und sicheren Zahlungen f\u00fcr unterwegs.\",\"breadcrumb\":{\"@id\":\"https:\\\/\\\/bonuskongcasino.org\\\/de\\\/app\\\/#breadcrumb\"},\"inLanguage\":\"de\",\"potentialAction\":[{\"@type\":\"ReadAction\",\"target\":[\"https:\\\/\\\/bonuskongcasino.org\\\/de\\\/app\\\/\"]}]},{\"@type\":\"BreadcrumbList\",\"@id\":\"https:\\\/\\\/bonuskongcasino.org\\\/de\\\/app\\\/#breadcrumb\",\"itemListElement\":[{\"@type\":\"ListItem\",\"position\":1,\"name\":\"Bonuskong\",\"item\":\"https:\\\/\\\/bonuskongcasino.org\\\/de\\\/\"},{\"@type\":\"ListItem\",\"position\":2,\"name\":\"App\"}]},{\"@type\":\"WebSite\",\"@id\":\"https:\\\/\\\/bonuskongcasino.org\\\/de\\\/#website\",\"url\":\"https:\\\/\\\/bonuskongcasino.org\\\/de\\\/\",\"name\":\"Bonuskong\",\"description\":\"\",\"publisher\":{\"@id\":\"https:\\\/\\\/bonuskongcasino.org\\\/de\\\/#organization\"},\"potentialAction\":[{\"@type\":\"SearchAction\",\"target\":{\"@type\":\"EntryPoint\",\"urlTemplate\":\"https:\\\/\\\/bonuskongcasino.org\\\/de\\\/?s={search_term_string}\"},\"query-input\":{\"@type\":\"PropertyValueSpecification\",\"valueRequired\":true,\"valueName\":\"search_term_string\"}}],\"inLanguage\":\"de\"},{\"@type\":\"Organization\",\"@id\":\"https:\\\/\\\/bonuskongcasino.org\\\/de\\\/#organization\",\"name\":\"Bonuskong\",\"url\":\"https:\\\/\\\/bonuskongcasino.org\\\/de\\\/\",\"logo\":{\"@type\":\"ImageObject\",\"inLanguage\":\"de\",\"@id\":\"https:\\\/\\\/bonuskongcasino.org\\\/de\\\/#\\\/schema\\\/logo\\\/image\\\/\",\"url\":\"https:\\\/\\\/bonuskongcasino.org\\\/wp-content\\\/uploads\\\/2026\\\/01\\\/Bonuskong-logo.png\",\"contentUrl\":\"https:\\\/\\\/bonuskongcasino.org\\\/wp-content\\\/uploads\\\/2026\\\/01\\\/Bonuskong-logo.png\",\"width\":60,\"height\":24,\"caption\":\"Bonuskong\"},\"image\":{\"@id\":\"https:\\\/\\\/bonuskongcasino.org\\\/de\\\/#\\\/schema\\\/logo\\\/image\\\/\"}}]}<\/script>\n<!-- \/ Yoast SEO plugin. -->","yoast_head_json":{"title":"Bonuskong Casino App f\u00fcr iOS und Android","description":"Erleben Sie mobiles Casino-Feeling auf jedem Ger\u00e4t mit der offiziellen Bonus Kong App. Spielen Sie Spielautomaten, Tischspiele und Live-Dealer-Spiele jederzeit und \u00fcberall \u2013 mit schnellem Support und sicheren Zahlungen f\u00fcr unterwegs.","robots":{"index":"index","follow":"follow","max-snippet":"max-snippet:-1","max-image-preview":"max-image-preview:large","max-video-preview":"max-video-preview:-1"},"canonical":"https:\/\/bonuskongcasino.org\/de\/app\/","og_locale":"de_DE","og_type":"article","og_title":"Bonuskong Casino App f\u00fcr iOS und Android","og_description":"Erleben Sie mobiles Casino-Feeling auf jedem Ger\u00e4t mit der offiziellen Bonus Kong App. Spielen Sie Spielautomaten, Tischspiele und Live-Dealer-Spiele jederzeit und \u00fcberall \u2013 mit schnellem Support und sicheren Zahlungen f\u00fcr unterwegs.","og_url":"https:\/\/bonuskongcasino.org\/de\/app\/","og_site_name":"bonuskong","article_modified_time":"2026-01-21T10:33:04+00:00","twitter_card":"summary_large_image","twitter_misc":{"Gesch\u00e4tzte Lesezeit":"1\u00a0Minute"},"schema":{"@context":"https:\/\/schema.org","@graph":[{"@type":"WebPage","@id":"https:\/\/bonuskongcasino.org\/de\/app\/","url":"https:\/\/bonuskongcasino.org\/de\/app\/","name":"Bonuskong Casino App f\u00fcr iOS und Android","isPartOf":{"@id":"https:\/\/bonuskongcasino.org\/de\/#website"},"datePublished":"2026-01-21T08:39:31+00:00","dateModified":"2026-01-21T10:33:04+00:00","description":"Erleben Sie mobiles Casino-Feeling auf jedem Ger\u00e4t mit der offiziellen Bonus Kong App. Spielen Sie Spielautomaten, Tischspiele und Live-Dealer-Spiele jederzeit und \u00fcberall \u2013 mit schnellem Support und sicheren Zahlungen f\u00fcr unterwegs.","breadcrumb":{"@id":"https:\/\/bonuskongcasino.org\/de\/app\/#breadcrumb"},"inLanguage":"de","potentialAction":[{"@type":"ReadAction","target":["https:\/\/bonuskongcasino.org\/de\/app\/"]}]},{"@type":"BreadcrumbList","@id":"https:\/\/bonuskongcasino.org\/de\/app\/#breadcrumb","itemListElement":[{"@type":"ListItem","position":1,"name":"Bonuskong","item":"https:\/\/bonuskongcasino.org\/de\/"},{"@type":"ListItem","position":2,"name":"App"}]},{"@type":"WebSite","@id":"https:\/\/bonuskongcasino.org\/de\/#website","url":"https:\/\/bonuskongcasino.org\/de\/","name":"Bonuskong","description":"","publisher":{"@id":"https:\/\/bonuskongcasino.org\/de\/#organization"},"potentialAction":[{"@type":"SearchAction","target":{"@type":"EntryPoint","urlTemplate":"https:\/\/bonuskongcasino.org\/de\/?s={search_term_string}"},"query-input":{"@type":"PropertyValueSpecification","valueRequired":true,"valueName":"search_term_string"}}],"inLanguage":"de"},{"@type":"Organization","@id":"https:\/\/bonuskongcasino.org\/de\/#organization","name":"Bonuskong","url":"https:\/\/bonuskongcasino.org\/de\/","logo":{"@type":"ImageObject","inLanguage":"de","@id":"https:\/\/bonuskongcasino.org\/de\/#\/schema\/logo\/image\/","url":"https:\/\/bonuskongcasino.org\/wp-content\/uploads\/2026\/01\/Bonuskong-logo.png","contentUrl":"https:\/\/bonuskongcasino.org\/wp-content\/uploads\/2026\/01\/Bonuskong-logo.png","width":60,"height":24,"caption":"Bonuskong"},"image":{"@id":"https:\/\/bonuskongcasino.org\/de\/#\/schema\/logo\/image\/"}}]}},"_links":{"self":[{"href":"https:\/\/bonuskongcasino.org\/de\/wp-json\/wp\/v2\/pages\/1416","targetHints":{"allow":["GET"]}}],"collection":[{"href":"https:\/\/bonuskongcasino.org\/de\/wp-json\/wp\/v2\/pages"}],"about":[{"href":"https:\/\/bonuskongcasino.org\/de\/wp-json\/wp\/v2\/types\/page"}],"author":[{"embeddable":true,"href":"https:\/\/bonuskongcasino.org\/de\/wp-json\/wp\/v2\/users\/1"}],"replies":[{"embeddable":true,"href":"https:\/\/bonuskongcasino.org\/de\/wp-json\/wp\/v2\/comments?post=1416"}],"version-history":[{"count":2,"href":"https:\/\/bonuskongcasino.org\/de\/wp-json\/wp\/v2\/pages\/1416\/revisions"}],"predecessor-version":[{"id":1607,"href":"https:\/\/bonuskongcasino.org\/de\/wp-json\/wp\/v2\/pages\/1416\/revisions\/1607"}],"wp:attachment":[{"href":"https:\/\/bonuskongcasino.org\/de\/wp-json\/wp\/v2\/media?parent=1416"}],"curies":[{"name":"wp","href":"https:\/\/api.w.org\/{rel}","templated":true}]}}